{"id":109,"date":"2023-03-28T22:14:19","date_gmt":"2023-03-28T20:14:19","guid":{"rendered":"http:\/\/www.servitecindustrial.com\/?page_id=109"},"modified":"2026-02-03T17:14:46","modified_gmt":"2026-02-03T15:14:46","slug":"contacto","status":"publish","type":"page","link":"https:\/\/www.servitecindustrial.com\/ca\/contacte\/","title":{"rendered":"Contacte"},"content":{"rendered":"<div data-elementor-type=\"wp-page\" data-elementor-id=\"109\" class=\"elementor elementor-109\" data-elementor-post-type=\"page\">\n\t\t\t\t\t\t<section class=\"elementor-section elementor-top-section elementor-element elementor-element-368c8aa3 elementor-section-full_width elementor-section-content-middle elementor-section-stretched elementor-hidden-tablet elementor-section-height-default elementor-section-height-default\" data-id=\"368c8aa3\" data-element_type=\"section\" data-e-type=\"section\" data-settings=\"{&quot;background_background&quot;:&quot;gradient&quot;,&quot;stretch_section&quot;:&quot;section-stretched&quot;}\">\n\t\t\t\t\t\t\t<div class=\"elementor-background-overlay\"><\/div>\n\t\t\t\t\t\t\t<div class=\"elementor-container elementor-column-gap-custom\">\n\t\t\t\t\t<div class=\"elementor-column elementor-col-33 elementor-top-column elementor-element elementor-element-4de93d25\" data-id=\"4de93d25\" data-element_type=\"column\" data-e-type=\"column\">\n\t\t\t<div class=\"elementor-widget-wrap elementor-element-populated\">\n\t\t\t\t\t\t<div class=\"elementor-element elementor-element-33c4c795 elementor-widget elementor-widget-heading\" data-id=\"33c4c795\" data-element_type=\"widget\" data-e-type=\"widget\" data-widget_type=\"heading.default\">\n\t\t\t\t<div class=\"elementor-widget-container\">\n\t\t\t\t\t<h2 class=\"elementor-heading-title elementor-size-default\">Contacta amb <br><span style=\"color: #E2001A\">nosaltres<\/h2>\t\t\t\t<\/div>\n\t\t\t\t<\/div>\n\t\t\t\t<div class=\"elementor-element elementor-element-465852bf elementor-widget elementor-widget-text-editor\" data-id=\"465852bf\" data-element_type=\"widget\" data-e-type=\"widget\" data-widget_type=\"text-editor.default\">\n\t\t\t\t<div class=\"elementor-widget-container\">\n\t\t\t\t\t\t\t\t\t<p>T'ha sorgit alguna altra q\u00fcesti\u00f3? Vols respostes espec\u00edfiques per al teu negoci?<\/p><p class=\"translation-block\">Pots <strong>completar el seg\u00fcent formulari,<\/strong> i un membre de l'equip es posar\u00e0 en contacte amb tu<strong> al m\u00e9s aviat possible.<\/strong><\/p>\t\t\t\t\t\t\t\t<\/div>\n\t\t\t\t<\/div>\n\t\t\t\t\t<\/div>\n\t\t<\/div>\n\t\t\t\t<div class=\"elementor-column elementor-col-66 elementor-top-column elementor-element elementor-element-6f01528\" data-id=\"6f01528\" data-element_type=\"column\" data-e-type=\"column\">\n\t\t\t<div class=\"elementor-widget-wrap elementor-element-populated\">\n\t\t\t\t\t\t<div class=\"elementor-element elementor-element-33fe8606 elementor-button-align-stretch elementor-widget elementor-widget-form\" data-id=\"33fe8606\" data-element_type=\"widget\" data-e-type=\"widget\" data-settings=\"{&quot;step_next_label&quot;:&quot;Siguiente&quot;,&quot;step_previous_label&quot;:&quot;Anterior&quot;,&quot;button_width&quot;:&quot;25&quot;,&quot;step_type&quot;:&quot;number_text&quot;,&quot;step_icon_shape&quot;:&quot;circle&quot;}\" data-widget_type=\"form.default\">\n\t\t\t\t<div class=\"elementor-widget-container\">\n\t\t\t\t\t\t\t<form class=\"elementor-form\" method=\"post\" name=\"Nuevo formulario\" aria-label=\"Nuevo formulario\" action=\"\">\n\t\t\t<input type=\"hidden\" name=\"post_id\" value=\"109\"\/>\n\t\t\t<input type=\"hidden\" name=\"form_id\" value=\"33fe8606\"\/>\n\t\t\t<input type=\"hidden\" name=\"referer_title\" value=\"Contacto - Servitec Industrial\" \/>\n\n\t\t\t\t\t\t\t<input type=\"hidden\" name=\"queried_id\" value=\"109\"\/>\n\t\t\t\n\t\t\t<div class=\"elementor-form-fields-wrapper elementor-labels-above\">\n\t\t\t\t\t\t\t\t<div class=\"elementor-field-type-text elementor-field-group elementor-column elementor-field-group-field_fae4541 elementor-col-50 elementor-field-required elementor-mark-required\">\n\t\t\t\t\t\t\t\t\t\t\t\t\t<input size=\"1\" type=\"text\" name=\"form_fields[field_fae4541]\" id=\"form-field-field_fae4541\" class=\"elementor-field elementor-size-md  elementor-field-textual\" placeholder=\"Nom i cognom\" required=\"required\">\n\t\t\t\t\t\t\t\t\t\t\t<\/div>\n\t\t\t\t\t\t\t\t<div class=\"elementor-field-type-text elementor-field-group elementor-column elementor-field-group-field_9e0ec54 elementor-col-50 elementor-field-required elementor-mark-required\">\n\t\t\t\t\t\t\t\t\t\t\t\t\t<input size=\"1\" type=\"text\" name=\"form_fields[field_9e0ec54]\" id=\"form-field-field_9e0ec54\" class=\"elementor-field elementor-size-md  elementor-field-textual\" placeholder=\"Nom de l&#039;empresa\" required=\"required\">\n\t\t\t\t\t\t\t\t\t\t\t<\/div>\n\t\t\t\t\t\t\t\t<div class=\"elementor-field-type-text elementor-field-group elementor-column elementor-field-group-field_1f38649 elementor-col-50 elementor-field-required elementor-mark-required\">\n\t\t\t\t\t\t\t\t\t\t\t\t\t<input size=\"1\" type=\"text\" name=\"form_fields[field_1f38649]\" id=\"form-field-field_1f38649\" class=\"elementor-field elementor-size-md  elementor-field-textual\" placeholder=\"Correu electr\u00f2nic\" required=\"required\">\n\t\t\t\t\t\t\t\t\t\t\t<\/div>\n\t\t\t\t\t\t\t\t<div class=\"elementor-field-type-tel elementor-field-group elementor-column elementor-field-group-email elementor-col-50 elementor-field-required elementor-mark-required\">\n\t\t\t\t\t\t\t<input size=\"1\" type=\"tel\" name=\"form_fields[email]\" id=\"form-field-email\" class=\"elementor-field elementor-size-md  elementor-field-textual\" placeholder=\"N\u00famero de tel\u00e8fon\" required=\"required\" pattern=\"[0-9()#&amp;+*-=.]+\" title=\"Solo se aceptan n\u00fameros y caracteres de tel\u00e9fono (#,-,*,etc).\">\n\n\t\t\t\t\t\t<\/div>\n\t\t\t\t\t\t\t\t<div class=\"elementor-field-type-select elementor-field-group elementor-column elementor-field-group-message elementor-col-100 elementor-field-required elementor-mark-required\">\n\t\t\t\t\t\t\t\t\t\t\t\t<label for=\"form-field-message\" class=\"elementor-field-label\">\n\t\t\t\t\t\t\t\tMotiu de la consulta\t\t\t\t\t\t\t<\/label>\n\t\t\t\t\t\t\t\t<div class=\"elementor-field elementor-select-wrapper remove-before\">\n\t\t\t<div class=\"select-caret-down-wrapper\">\n\t\t\t\t<i aria-hidden=\"true\" class=\"eicon-caret-down\"><\/i>\t\t\t<\/div>\n\t\t\t<select name=\"form_fields[message]\" id=\"form-field-message\" class=\"elementor-field-textual elementor-size-md\" required=\"required\">\n\t\t\t\t\t\t\t\t\t<option value=\"Pedir presupuesto\">Demanar pressupost<\/option>\n\t\t\t\t\t\t\t\t\t<option value=\"Consulta t\u00e9cnica\">Consulta t\u00e8cnica<\/option>\n\t\t\t\t\t\t\t\t\t<option value=\"Servicio t\u00e9cnico\">Servei t\u00e8cnic<\/option>\n\t\t\t\t\t\t\t\t\t<option value=\"Informaci\u00f3n sobre servicios\">Informaci\u00f3 sobre serveis<\/option>\n\t\t\t\t\t\t\t\t\t<option value=\"Otro\">Altre<\/option>\n\t\t\t\t\t\t\t<\/select>\n\t\t<\/div>\n\t\t\t\t\t\t<\/div>\n\t\t\t\t\t\t\t\t<div class=\"elementor-field-type-textarea elementor-field-group elementor-column elementor-field-group-field_ec87374 elementor-col-100\">\n\t\t\t\t\t<textarea class=\"elementor-field-textual elementor-field  elementor-size-md\" name=\"form_fields[field_ec87374]\" id=\"form-field-field_ec87374\" rows=\"3\" placeholder=\"Missatge\"><\/textarea>\t\t\t\t<\/div>\n\t\t\t\t\t\t\t\t<div class=\"elementor-field-type-acceptance elementor-field-group elementor-column elementor-field-group-field_ff4a49a elementor-col-100 elementor-field-required elementor-mark-required\">\n\t\t\t\t\t\t\t<div class=\"elementor-field-subgroup\">\n\t\t\t<span class=\"elementor-field-option\">\n\t\t\t\t<input type=\"checkbox\" name=\"form_fields[field_ff4a49a]\" id=\"form-field-field_ff4a49a\" class=\"elementor-field elementor-size-md  elementor-acceptance-field\" required=\"required\">\n\t\t\t\t<label for=\"form-field-field_ff4a49a\">He llegit i accepto <a href=\"http:\/\/www.servitecindustrial.com\/ca\/avis-legal\/\" target=\"_blank\">l'Av\u00eds Legal<\/a>\nde Servitec Industrial.<\/label>\t\t\t<\/span>\n\t\t<\/div>\n\t\t\t\t\t\t<\/div>\n\t\t\t\t\t\t\t\t<div class=\"elementor-field-type-recaptcha_v3 elementor-field-group elementor-column elementor-field-group-field_29d3596 elementor-col-100 recaptcha_v3-bottomright\">\n\t\t\t\t\t<div class=\"elementor-field\" id=\"form-field-field_29d3596\"><div class=\"elementor-g-recaptcha\" data-sitekey=\"6Ld8iHkoAAAAAKDVrmjtq2nZs7XEsPkB9NsFb4bn\" data-type=\"v3\" data-action=\"Form\" data-badge=\"bottomright\" data-size=\"invisible\"><\/div><\/div>\t\t\t\t<\/div>\n\t\t\t\t\t\t\t\t<div class=\"elementor-field-type-text\">\n\t\t\t\t\t<input size=\"1\" type=\"text\" name=\"form_fields[field_be47b17]\" id=\"form-field-field_be47b17\" class=\"elementor-field elementor-size-md\" style=\"display:none !important;\">\t\t\t\t<\/div>\n\t\t\t\t\t\t\t\t<div class=\"elementor-field-group elementor-column elementor-field-type-submit elementor-col-25 e-form__buttons\">\n\t\t\t\t\t<button class=\"elementor-button elementor-size-md elementor-animation-grow\" type=\"submit\">\n\t\t\t\t\t\t<span class=\"elementor-button-content-wrapper\">\n\t\t\t\t\t\t\t\t\t\t\t\t\t\t\t\t\t\t\t\t\t\t<span class=\"elementor-button-text\">Enviar<\/span>\n\t\t\t\t\t\t\t\t\t\t\t\t\t<\/span>\n\t\t\t\t\t<\/button>\n\t\t\t\t<\/div>\n\t\t\t<\/div>\n\t\t<input type=\"hidden\" name=\"trp-form-language\" value=\"ca\"\/><\/form>\n\t\t\t\t\t\t<\/div>\n\t\t\t\t<\/div>\n\t\t\t\t\t<\/div>\n\t\t<\/div>\n\t\t\t\t\t<\/div>\n\t\t<\/section>\n\t\t\t\t<section class=\"elementor-section elementor-top-section elementor-element elementor-element-610eaea4 elementor-section-full_width elementor-section-height-default elementor-section-height-default\" data-id=\"610eaea4\" data-element_type=\"section\" data-e-type=\"section\">\n\t\t\t\t\t\t<div class=\"elementor-container elementor-column-gap-default\">\n\t\t\t\t\t<div class=\"elementor-column elementor-col-50 elementor-top-column elementor-element elementor-element-3b81d059\" data-id=\"3b81d059\" data-element_type=\"column\" data-e-type=\"column\">\n\t\t\t<div class=\"elementor-widget-wrap elementor-element-populated\">\n\t\t\t\t\t\t<div class=\"elementor-element elementor-element-204a01b4 elementor-widget elementor-widget-google_maps\" data-id=\"204a01b4\" data-element_type=\"widget\" data-e-type=\"widget\" data-widget_type=\"google_maps.default\">\n\t\t\t\t<div class=\"elementor-widget-container\">\n\t\t\t\t\t\t\t<div class=\"elementor-custom-embed\">\n\t\t\t<iframe loading=\"lazy\"\n\t\t\t\t\tsrc=\"https:\/\/maps.google.com\/maps?q=servitec%20grup&#038;t=m&#038;z=10&#038;output=embed&#038;iwloc=near\"\n\t\t\t\t\ttitle=\"servitec grup\"\n\t\t\t\t\taria-label=\"servitec grup\"\n\t\t\t><\/iframe>\n\t\t<\/div>\n\t\t\t\t\t\t<\/div>\n\t\t\t\t<\/div>\n\t\t\t\t\t<\/div>\n\t\t<\/div>\n\t\t\t\t<div class=\"elementor-column elementor-col-50 elementor-top-column elementor-element elementor-element-3991721a\" data-id=\"3991721a\" data-element_type=\"column\" data-e-type=\"column\">\n\t\t\t<div class=\"elementor-widget-wrap elementor-element-populated\">\n\t\t\t\t\t\t<div class=\"elementor-element elementor-element-41662f62 elementor-widget elementor-widget-heading\" data-id=\"41662f62\" data-element_type=\"widget\" data-e-type=\"widget\" data-widget_type=\"heading.default\">\n\t\t\t\t<div class=\"elementor-widget-container\">\n\t\t\t\t\t<h2 class=\"elementor-heading-title elementor-size-default\">TRUCA'NS<\/h2>\t\t\t\t<\/div>\n\t\t\t\t<\/div>\n\t\t\t\t<div class=\"elementor-element elementor-element-c7777f3 elementor-widget elementor-widget-heading\" data-id=\"c7777f3\" data-element_type=\"widget\" data-e-type=\"widget\" data-widget_type=\"heading.default\">\n\t\t\t\t<div class=\"elementor-widget-container\">\n\t\t\t\t\t<h2 class=\"elementor-heading-title elementor-size-default\">938 60 00 80<\/h2>\t\t\t\t<\/div>\n\t\t\t\t<\/div>\n\t\t\t\t<div class=\"elementor-element elementor-element-4892d848 elementor-widget elementor-widget-spacer\" data-id=\"4892d848\" data-element_type=\"widget\" data-e-type=\"widget\" data-widget_type=\"spacer.default\">\n\t\t\t\t<div class=\"elementor-widget-container\">\n\t\t\t\t\t\t\t<div class=\"elementor-spacer\">\n\t\t\t<div class=\"elementor-spacer-inner\"><\/div>\n\t\t<\/div>\n\t\t\t\t\t\t<\/div>\n\t\t\t\t<\/div>\n\t\t\t\t<div class=\"elementor-element elementor-element-49256181 elementor-widget elementor-widget-heading\" data-id=\"49256181\" data-element_type=\"widget\" data-e-type=\"widget\" data-widget_type=\"heading.default\">\n\t\t\t\t<div class=\"elementor-widget-container\">\n\t\t\t\t\t<h2 class=\"elementor-heading-title elementor-size-default\">RESERVA UNA REUNI\u00d3<\/h2>\t\t\t\t<\/div>\n\t\t\t\t<\/div>\n\t\t\t\t<div class=\"elementor-element elementor-element-468335d5 elementor-widget elementor-widget-heading\" data-id=\"468335d5\" data-element_type=\"widget\" data-e-type=\"widget\" data-widget_type=\"heading.default\">\n\t\t\t\t<div class=\"elementor-widget-container\">\n\t\t\t\t\t<h2 class=\"elementor-heading-title elementor-size-default\">Concerta una reuni\u00f3 virtual amb el nostre equip. Tu tries data i hora.<\/h2>\t\t\t\t<\/div>\n\t\t\t\t<\/div>\n\t\t\t\t<div class=\"elementor-element elementor-element-5313505b elementor-hidden-desktop elementor-hidden-tablet elementor-hidden-mobile elementor-widget elementor-widget-heading\" data-id=\"5313505b\" data-element_type=\"widget\" data-e-type=\"widget\" data-widget_type=\"heading.default\">\n\t\t\t\t<div class=\"elementor-widget-container\">\n\t\t\t\t\t<h2 class=\"elementor-heading-title elementor-size-default\">ENVIA'NS UN CORREU<\/h2>\t\t\t\t<\/div>\n\t\t\t\t<\/div>\n\t\t\t\t<div class=\"elementor-element elementor-element-4b53b82b elementor-hidden-desktop elementor-hidden-tablet elementor-hidden-mobile elementor-widget elementor-widget-heading\" data-id=\"4b53b82b\" data-element_type=\"widget\" data-e-type=\"widget\" data-widget_type=\"heading.default\">\n\t\t\t\t<div class=\"elementor-widget-container\">\n\t\t\t\t\t<h2 class=\"elementor-heading-title elementor-size-default\">info@servitecgrup.com\n<\/h2>\t\t\t\t<\/div>\n\t\t\t\t<\/div>\n\t\t\t\t<div class=\"elementor-element elementor-element-a9d5f3f elementor-widget elementor-widget-spacer\" data-id=\"a9d5f3f\" data-element_type=\"widget\" data-e-type=\"widget\" data-widget_type=\"spacer.default\">\n\t\t\t\t<div class=\"elementor-widget-container\">\n\t\t\t\t\t\t\t<div class=\"elementor-spacer\">\n\t\t\t<div class=\"elementor-spacer-inner\"><\/div>\n\t\t<\/div>\n\t\t\t\t\t\t<\/div>\n\t\t\t\t<\/div>\n\t\t\t\t<div class=\"elementor-element elementor-element-1be6d79 elementor-align-left elementor-widget elementor-widget-button\" data-id=\"1be6d79\" data-element_type=\"widget\" data-e-type=\"widget\" data-widget_type=\"button.default\">\n\t\t\t\t<div class=\"elementor-widget-container\">\n\t\t\t\t\t\t\t\t\t<div class=\"elementor-button-wrapper\">\n\t\t\t\t\t<a class=\"elementor-button elementor-button-link elementor-size-sm elementor-animation-grow\" href=\"https:\/\/outlook.office365.com\/owa\/calendar\/CopiadeReuninconServitec@servitecgrup.com\/bookings\/\" target=\"_blank\">\n\t\t\t\t\t\t<span class=\"elementor-button-content-wrapper\">\n\t\t\t\t\t\t<span class=\"elementor-button-icon\">\n\t\t\t\t<i aria-hidden=\"true\" class=\"fas fa-long-arrow-alt-right\"><\/i>\t\t\t<\/span>\n\t\t\t\t\t\t\t\t\t<span class=\"elementor-button-text\">Agendar reuni\u00f3<\/span>\n\t\t\t\t\t<\/span>\n\t\t\t\t\t<\/a>\n\t\t\t\t<\/div>\n\t\t\t\t\t\t\t\t<\/div>\n\t\t\t\t<\/div>\n\t\t\t\t\t<\/div>\n\t\t<\/div>\n\t\t\t\t\t<\/div>\n\t\t<\/section>\n\t\t\t\t<\/div>","protected":false},"excerpt":{"rendered":"<p>Contacta con nosotros \u00bfTe ha surgido alguna otra cuesti\u00f3n? \u00bfQuieres respuestas espec\u00edficas para tu negocio? Puedes completar el siguiente formulario, y un miembro del equipo se pondr\u00e1 en contacto contigo lo antes posible. LL\u00c1MANOS 938 60 00 80 RESERVA UNA REUNI\u00d3N Concierta una reuni\u00f3n virtual con nuestro equipo. T\u00fa escoges fecha y hora. ENV\u00cdANOS UN [&hellip;]<\/p>","protected":false},"author":1,"featured_media":1594,"parent":0,"menu_order":0,"comment_status":"closed","ping_status":"closed","template":"","meta":{"_acf_changed":false,"footnotes":""},"class_list":["post-109","page","type-page","status-publish","has-post-thumbnail","hentry"],"acf":[],"yoast_head":"<!-- This site is optimized with the Yoast SEO plugin v26.9 - https:\/\/yoast.com\/product\/yoast-seo-wordpress\/ -->\n<title>Contacto - Servitec Industrial<\/title>\n<meta name=\"description\" content=\"Si tenes dudas o quieres m\u00e1s informaci\u00f3n, entra en contacto con el equipo de Servitec Indusrial. V\u00eda tel\u00e9fono, email o v\u00eddeollamada.\" \/>\n<meta name=\"robots\" content=\"index, follow, max-snippet:-1, max-image-preview:large, max-video-preview:-1\" \/>\n<link rel=\"canonical\" href=\"https:\/\/www.servitecindustrial.com\/ca\/contacte\/\" \/>\n<meta property=\"og:locale\" content=\"ca_ES\" \/>\n<meta property=\"og:type\" content=\"article\" \/>\n<meta property=\"og:title\" content=\"Contacto - Servitec Industrial\" \/>\n<meta property=\"og:description\" content=\"Si tenes dudas o quieres m\u00e1s informaci\u00f3n, entra en contacto con el equipo de Servitec Indusrial. V\u00eda tel\u00e9fono, email o v\u00eddeollamada.\" \/>\n<meta property=\"og:url\" content=\"https:\/\/www.servitecindustrial.com\/ca\/contacte\/\" \/>\n<meta property=\"og:site_name\" content=\"Servitec Industrial\" \/>\n<meta property=\"article:modified_time\" content=\"2026-02-03T15:14:46+00:00\" \/>\n<meta property=\"og:image\" content=\"https:\/\/www.servitecindustrial.com\/wp-content\/uploads\/2023\/03\/1_1.jpg\" \/>\n\t<meta property=\"og:image:width\" content=\"1920\" \/>\n\t<meta property=\"og:image:height\" content=\"1080\" \/>\n\t<meta property=\"og:image:type\" content=\"image\/jpeg\" \/>\n<meta name=\"twitter:card\" content=\"summary_large_image\" \/>\n<meta name=\"twitter:label1\" content=\"Temps estimat de lectura\" \/>\n\t<meta name=\"twitter:data1\" content=\"1 minut\" \/>\n<script type=\"application\/ld+json\" class=\"yoast-schema-graph\">{\"@context\":\"https:\/\/schema.org\",\"@graph\":[{\"@type\":\"WebPage\",\"@id\":\"https:\/\/www.servitecindustrial.com\/contacto\/\",\"url\":\"https:\/\/www.servitecindustrial.com\/contacto\/\",\"name\":\"Contacto - Servitec Industrial\",\"isPartOf\":{\"@id\":\"https:\/\/www.servitecindustrial.com\/#website\"},\"primaryImageOfPage\":{\"@id\":\"https:\/\/www.servitecindustrial.com\/contacto\/#primaryimage\"},\"image\":{\"@id\":\"https:\/\/www.servitecindustrial.com\/contacto\/#primaryimage\"},\"thumbnailUrl\":\"https:\/\/www.servitecindustrial.com\/wp-content\/uploads\/2023\/03\/1_1.jpg\",\"datePublished\":\"2023-03-28T20:14:19+00:00\",\"dateModified\":\"2026-02-03T15:14:46+00:00\",\"description\":\"Si tenes dudas o quieres m\u00e1s informaci\u00f3n, entra en contacto con el equipo de Servitec Indusrial. V\u00eda tel\u00e9fono, email o v\u00eddeollamada.\",\"breadcrumb\":{\"@id\":\"https:\/\/www.servitecindustrial.com\/contacto\/#breadcrumb\"},\"inLanguage\":\"ca\",\"potentialAction\":[{\"@type\":\"ReadAction\",\"target\":[\"https:\/\/www.servitecindustrial.com\/contacto\/\"]}]},{\"@type\":\"ImageObject\",\"inLanguage\":\"ca\",\"@id\":\"https:\/\/www.servitecindustrial.com\/contacto\/#primaryimage\",\"url\":\"https:\/\/www.servitecindustrial.com\/wp-content\/uploads\/2023\/03\/1_1.jpg\",\"contentUrl\":\"https:\/\/www.servitecindustrial.com\/wp-content\/uploads\/2023\/03\/1_1.jpg\",\"width\":1920,\"height\":1080,\"caption\":\"Contacto\"},{\"@type\":\"BreadcrumbList\",\"@id\":\"https:\/\/www.servitecindustrial.com\/contacto\/#breadcrumb\",\"itemListElement\":[{\"@type\":\"ListItem\",\"position\":1,\"name\":\"Portada\",\"item\":\"https:\/\/www.servitecindustrial.com\/\"},{\"@type\":\"ListItem\",\"position\":2,\"name\":\"Contacto\"}]},{\"@type\":\"WebSite\",\"@id\":\"https:\/\/www.servitecindustrial.com\/#website\",\"url\":\"https:\/\/www.servitecindustrial.com\/\",\"name\":\"Servitec Industrial\",\"description\":\"\",\"publisher\":{\"@id\":\"https:\/\/www.servitecindustrial.com\/#organization\"},\"potentialAction\":[{\"@type\":\"SearchAction\",\"target\":{\"@type\":\"EntryPoint\",\"urlTemplate\":\"https:\/\/www.servitecindustrial.com\/?s={search_term_string}\"},\"query-input\":{\"@type\":\"PropertyValueSpecification\",\"valueRequired\":true,\"valueName\":\"search_term_string\"}}],\"inLanguage\":\"ca\"},{\"@type\":\"Organization\",\"@id\":\"https:\/\/www.servitecindustrial.com\/#organization\",\"name\":\"Servitec Industrial\",\"url\":\"https:\/\/www.servitecindustrial.com\/\",\"logo\":{\"@type\":\"ImageObject\",\"inLanguage\":\"ca\",\"@id\":\"https:\/\/www.servitecindustrial.com\/#\/schema\/logo\/image\/\",\"url\":\"https:\/\/www.servitecindustrial.com\/wp-content\/uploads\/2023\/03\/1.png\",\"contentUrl\":\"https:\/\/www.servitecindustrial.com\/wp-content\/uploads\/2023\/03\/1.png\",\"width\":1080,\"height\":1080,\"caption\":\"Servitec Industrial\"},\"image\":{\"@id\":\"https:\/\/www.servitecindustrial.com\/#\/schema\/logo\/image\/\"},\"sameAs\":[\"https:\/\/www.linkedin.com\/company\/servitec-sa\/\"]}]}<\/script>\n<!-- \/ Yoast SEO plugin. -->","yoast_head_json":{"title":"Contacte - Servitec Industrial","description":"Si tenes dubtes o vols m\u00e9s informaci\u00f3, entra en contacte amb l'equip de Servitec Indusrial. Via tel\u00e8fon, email o v\u00eddeollamada.","robots":{"index":"index","follow":"follow","max-snippet":"max-snippet:-1","max-image-preview":"max-image-preview:large","max-video-preview":"max-video-preview:-1"},"canonical":"https:\/\/www.servitecindustrial.com\/ca\/contacte\/","og_locale":"ca_ES","og_type":"article","og_title":"Contacto - Servitec Industrial","og_description":"Si tenes dudas o quieres m\u00e1s informaci\u00f3n, entra en contacto con el equipo de Servitec Indusrial. V\u00eda tel\u00e9fono, email o v\u00eddeollamada.","og_url":"https:\/\/www.servitecindustrial.com\/ca\/contacte\/","og_site_name":"Servitec Industrial","article_modified_time":"2026-02-03T15:14:46+00:00","og_image":[{"width":1920,"height":1080,"url":"https:\/\/www.servitecindustrial.com\/wp-content\/uploads\/2023\/03\/1_1.jpg","type":"image\/jpeg"}],"twitter_card":"summary_large_image","twitter_misc":{"Temps estimat de lectura":"1 minut"},"schema":{"@context":"https:\/\/schema.org","@graph":[{"@type":"WebPage","@id":"https:\/\/www.servitecindustrial.com\/contacto\/","url":"https:\/\/www.servitecindustrial.com\/contacto\/","name":"Contacte - Servitec Industrial","isPartOf":{"@id":"https:\/\/www.servitecindustrial.com\/#website"},"primaryImageOfPage":{"@id":"https:\/\/www.servitecindustrial.com\/contacto\/#primaryimage"},"image":{"@id":"https:\/\/www.servitecindustrial.com\/contacto\/#primaryimage"},"thumbnailUrl":"https:\/\/www.servitecindustrial.com\/wp-content\/uploads\/2023\/03\/1_1.jpg","datePublished":"2023-03-28T20:14:19+00:00","dateModified":"2026-02-03T15:14:46+00:00","description":"Si tenes dubtes o vols m\u00e9s informaci\u00f3, entra en contacte amb l'equip de Servitec Indusrial. Via tel\u00e8fon, email o v\u00eddeollamada.","breadcrumb":{"@id":"https:\/\/www.servitecindustrial.com\/contacto\/#breadcrumb"},"inLanguage":"ca","potentialAction":[{"@type":"ReadAction","target":["https:\/\/www.servitecindustrial.com\/contacto\/"]}]},{"@type":"ImageObject","inLanguage":"ca","@id":"https:\/\/www.servitecindustrial.com\/contacto\/#primaryimage","url":"https:\/\/www.servitecindustrial.com\/wp-content\/uploads\/2023\/03\/1_1.jpg","contentUrl":"https:\/\/www.servitecindustrial.com\/wp-content\/uploads\/2023\/03\/1_1.jpg","width":1920,"height":1080,"caption":"Contacto"},{"@type":"BreadcrumbList","@id":"https:\/\/www.servitecindustrial.com\/contacto\/#breadcrumb","itemListElement":[{"@type":"ListItem","position":1,"name":"Portada","item":"https:\/\/www.servitecindustrial.com\/"},{"@type":"ListItem","position":2,"name":"Contacto"}]},{"@type":"WebSite","@id":"https:\/\/www.servitecindustrial.com\/#website","url":"https:\/\/www.servitecindustrial.com\/","name":"Servitec Industrial","description":"","publisher":{"@id":"https:\/\/www.servitecindustrial.com\/#organization"},"potentialAction":[{"@type":"SearchAction","target":{"@type":"EntryPoint","urlTemplate":"https:\/\/www.servitecindustrial.com\/?s={search_term_string}"},"query-input":{"@type":"PropertyValueSpecification","valueRequired":true,"valueName":"search_term_string"}}],"inLanguage":"ca"},{"@type":"Organization","@id":"https:\/\/www.servitecindustrial.com\/#organization","name":"Servitec Industrial","url":"https:\/\/www.servitecindustrial.com\/","logo":{"@type":"ImageObject","inLanguage":"ca","@id":"https:\/\/www.servitecindustrial.com\/#\/schema\/logo\/image\/","url":"https:\/\/www.servitecindustrial.com\/wp-content\/uploads\/2023\/03\/1.png","contentUrl":"https:\/\/www.servitecindustrial.com\/wp-content\/uploads\/2023\/03\/1.png","width":1080,"height":1080,"caption":"Servitec Industrial"},"image":{"@id":"https:\/\/www.servitecindustrial.com\/#\/schema\/logo\/image\/"},"sameAs":["https:\/\/www.linkedin.com\/company\/servitec-sa\/"]}]}},"_links":{"self":[{"href":"https:\/\/www.servitecindustrial.com\/ca\/wp-json\/wp\/v2\/pages\/109","targetHints":{"allow":["GET"]}}],"collection":[{"href":"https:\/\/www.servitecindustrial.com\/ca\/wp-json\/wp\/v2\/pages"}],"about":[{"href":"https:\/\/www.servitecindustrial.com\/ca\/wp-json\/wp\/v2\/types\/page"}],"author":[{"embeddable":true,"href":"https:\/\/www.servitecindustrial.com\/ca\/wp-json\/wp\/v2\/users\/1"}],"replies":[{"embeddable":true,"href":"https:\/\/www.servitecindustrial.com\/ca\/wp-json\/wp\/v2\/comments?post=109"}],"version-history":[{"count":97,"href":"https:\/\/www.servitecindustrial.com\/ca\/wp-json\/wp\/v2\/pages\/109\/revisions"}],"predecessor-version":[{"id":4069,"href":"https:\/\/www.servitecindustrial.com\/ca\/wp-json\/wp\/v2\/pages\/109\/revisions\/4069"}],"wp:featuredmedia":[{"embeddable":true,"href":"https:\/\/www.servitecindustrial.com\/ca\/wp-json\/wp\/v2\/media\/1594"}],"wp:attachment":[{"href":"https:\/\/www.servitecindustrial.com\/ca\/wp-json\/wp\/v2\/media?parent=109"}],"curies":[{"name":"wp","href":"https:\/\/api.w.org\/{rel}","templated":true}]}}