{"id":2767,"date":"2023-12-07T16:40:26","date_gmt":"2023-12-07T14:40:26","guid":{"rendered":"https:\/\/www.servitecindustrial.com\/?page_id=2767"},"modified":"2025-02-11T12:26:02","modified_gmt":"2025-02-11T10:26:02","slug":"gracias-por-contactar","status":"publish","type":"page","link":"https:\/\/www.servitecindustrial.com\/ca\/gracias-por-contactar\/","title":{"rendered":"Gr\u00e0cies per contactar"},"content":{"rendered":"<div data-elementor-type=\"wp-page\" data-elementor-id=\"2767\" class=\"elementor elementor-2767\" data-elementor-post-type=\"page\">\n\t\t\t\t\t\t<section class=\"elementor-section elementor-top-section elementor-element elementor-element-72dd9edb elementor-section-full_width elementor-section-height-default elementor-section-height-default\" data-id=\"72dd9edb\" data-element_type=\"section\" data-e-type=\"section\">\n\t\t\t\t\t\t<div class=\"elementor-container elementor-column-gap-default\">\n\t\t\t\t\t<div class=\"elementor-column elementor-col-50 elementor-top-column elementor-element elementor-element-a206321\" data-id=\"a206321\" data-element_type=\"column\" data-e-type=\"column\">\n\t\t\t<div class=\"elementor-widget-wrap elementor-element-populated\">\n\t\t\t\t\t\t<div class=\"elementor-element elementor-element-1e11469f elementor-widget elementor-widget-heading\" data-id=\"1e11469f\" data-element_type=\"widget\" data-e-type=\"widget\" data-widget_type=\"heading.default\">\n\t\t\t\t<div class=\"elementor-widget-container\">\n\t\t\t\t\t<p class=\"elementor-heading-title elementor-size-default\">GR\u00c0CIES PER CONTACTAR-NOS<\/p>\t\t\t\t<\/div>\n\t\t\t\t<\/div>\n\t\t\t\t<div class=\"elementor-element elementor-element-744bc930 elementor-widget elementor-widget-heading\" data-id=\"744bc930\" data-element_type=\"widget\" data-e-type=\"widget\" data-widget_type=\"heading.default\">\n\t\t\t\t<div class=\"elementor-widget-container\">\n\t\t\t\t\t<p class=\"elementor-heading-title elementor-size-default\">Hem rebut<span style=\"color: #E2001A\"> la teva consulta <\/span> correctament.<\/p>\t\t\t\t<\/div>\n\t\t\t\t<\/div>\n\t\t\t\t<div class=\"elementor-element elementor-element-2c1b7afb elementor-widget elementor-widget-text-editor\" data-id=\"2c1b7afb\" data-element_type=\"widget\" data-e-type=\"widget\" data-widget_type=\"text-editor.default\">\n\t\t\t\t<div class=\"elementor-widget-container\">\n\t\t\t\t\t\t\t\t\t<p>Un membre de <strong>l'equip de Servitec Industrial<\/strong> resoldr\u00e0 la teva consulta amb la m\u00e0xima brevetat possible, posant-se en contacte amb tu via email o tel\u00e8fon.<\/p><p>Mentrestant, pots seguir-nos en xarxes socials per a <strong>estar al dia<\/strong> de les tend\u00e8ncies del sector i de les novetats de l'empresa:<\/p>\t\t\t\t\t\t\t\t<\/div>\n\t\t\t\t<\/div>\n\t\t\t\t<div class=\"elementor-element elementor-element-5fa330a3 e-grid-align-left elementor-shape-rounded elementor-grid-0 elementor-widget elementor-widget-social-icons\" data-id=\"5fa330a3\" data-element_type=\"widget\" data-e-type=\"widget\" data-widget_type=\"social-icons.default\">\n\t\t\t\t<div class=\"elementor-widget-container\">\n\t\t\t\t\t\t\t<div class=\"elementor-social-icons-wrapper elementor-grid\" role=\"list\">\n\t\t\t\t\t\t\t<span class=\"elementor-grid-item\" role=\"listitem\">\n\t\t\t\t\t<a class=\"elementor-icon elementor-social-icon elementor-social-icon-linkedin elementor-animation-grow elementor-repeater-item-4e2c30e\" href=\"https:\/\/www.linkedin.com\/company\/servitec-sa\/\" target=\"_blank\">\n\t\t\t\t\t\t<span class=\"elementor-screen-only\">Linkedin<\/span>\n\t\t\t\t\t\t<i aria-hidden=\"true\" class=\"fab fa-linkedin\"><\/i>\t\t\t\t\t<\/a>\n\t\t\t\t<\/span>\n\t\t\t\t\t\t\t<span class=\"elementor-grid-item\" role=\"listitem\">\n\t\t\t\t\t<a class=\"elementor-icon elementor-social-icon elementor-social-icon-youtube elementor-animation-grow elementor-repeater-item-2dd58b4\" href=\"https:\/\/www.youtube.com\/channel\/UCYPzrB5JRxAb4WPSyw0dU1g\" target=\"_blank\">\n\t\t\t\t\t\t<span class=\"elementor-screen-only\">Youtube<\/span>\n\t\t\t\t\t\t<i aria-hidden=\"true\" class=\"fab fa-youtube\"><\/i>\t\t\t\t\t<\/a>\n\t\t\t\t<\/span>\n\t\t\t\t\t<\/div>\n\t\t\t\t\t\t<\/div>\n\t\t\t\t<\/div>\n\t\t\t\t\t<\/div>\n\t\t<\/div>\n\t\t\t\t<div class=\"elementor-column elementor-col-50 elementor-top-column elementor-element elementor-element-8fb5c15\" data-id=\"8fb5c15\" data-element_type=\"column\" data-e-type=\"column\">\n\t\t\t<div class=\"elementor-widget-wrap elementor-element-populated\">\n\t\t\t\t\t\t<div class=\"elementor-element elementor-element-fcff3f9 elementor-widget elementor-widget-heading\" data-id=\"fcff3f9\" data-element_type=\"widget\" data-e-type=\"widget\" data-widget_type=\"heading.default\">\n\t\t\t\t<div class=\"elementor-widget-container\">\n\t\t\t\t\t<h2 class=\"elementor-heading-title elementor-size-default\">TRUCA'NS<\/h2>\t\t\t\t<\/div>\n\t\t\t\t<\/div>\n\t\t\t\t<div class=\"elementor-element elementor-element-1d4955b elementor-widget elementor-widget-heading\" data-id=\"1d4955b\" data-element_type=\"widget\" data-e-type=\"widget\" data-widget_type=\"heading.default\">\n\t\t\t\t<div class=\"elementor-widget-container\">\n\t\t\t\t\t<h2 class=\"elementor-heading-title elementor-size-default\">938 60 00 80<\/h2>\t\t\t\t<\/div>\n\t\t\t\t<\/div>\n\t\t\t\t<div class=\"elementor-element elementor-element-bff871e elementor-widget elementor-widget-spacer\" data-id=\"bff871e\" data-element_type=\"widget\" data-e-type=\"widget\" data-widget_type=\"spacer.default\">\n\t\t\t\t<div class=\"elementor-widget-container\">\n\t\t\t\t\t\t\t<div class=\"elementor-spacer\">\n\t\t\t<div class=\"elementor-spacer-inner\"><\/div>\n\t\t<\/div>\n\t\t\t\t\t\t<\/div>\n\t\t\t\t<\/div>\n\t\t\t\t<div class=\"elementor-element elementor-element-31fdff3 elementor-widget elementor-widget-heading\" data-id=\"31fdff3\" data-element_type=\"widget\" data-e-type=\"widget\" data-widget_type=\"heading.default\">\n\t\t\t\t<div class=\"elementor-widget-container\">\n\t\t\t\t\t<h2 class=\"elementor-heading-title elementor-size-default\">ENVIA'NS UN CORREU<\/h2>\t\t\t\t<\/div>\n\t\t\t\t<\/div>\n\t\t\t\t<div class=\"elementor-element elementor-element-912baa2 elementor-widget elementor-widget-heading\" data-id=\"912baa2\" data-element_type=\"widget\" data-e-type=\"widget\" data-widget_type=\"heading.default\">\n\t\t\t\t<div class=\"elementor-widget-container\">\n\t\t\t\t\t<h2 class=\"elementor-heading-title elementor-size-default\">info@servitecgrup.com\n<\/h2>\t\t\t\t<\/div>\n\t\t\t\t<\/div>\n\t\t\t\t<div class=\"elementor-element elementor-element-eb510b4 elementor-widget elementor-widget-spacer\" data-id=\"eb510b4\" data-element_type=\"widget\" data-e-type=\"widget\" data-widget_type=\"spacer.default\">\n\t\t\t\t<div class=\"elementor-widget-container\">\n\t\t\t\t\t\t\t<div class=\"elementor-spacer\">\n\t\t\t<div class=\"elementor-spacer-inner\"><\/div>\n\t\t<\/div>\n\t\t\t\t\t\t<\/div>\n\t\t\t\t<\/div>\n\t\t\t\t<div class=\"elementor-element elementor-element-0e21bae elementor-widget elementor-widget-heading\" data-id=\"0e21bae\" data-element_type=\"widget\" data-e-type=\"widget\" data-widget_type=\"heading.default\">\n\t\t\t\t<div class=\"elementor-widget-container\">\n\t\t\t\t\t<h2 class=\"elementor-heading-title elementor-size-default\">RESERVA UNA REUNI\u00d3<\/h2>\t\t\t\t<\/div>\n\t\t\t\t<\/div>\n\t\t\t\t<div class=\"elementor-element elementor-element-d5ff27e elementor-widget elementor-widget-heading\" data-id=\"d5ff27e\" data-element_type=\"widget\" data-e-type=\"widget\" data-widget_type=\"heading.default\">\n\t\t\t\t<div class=\"elementor-widget-container\">\n\t\t\t\t\t<h2 class=\"elementor-heading-title elementor-size-default\">Concerta una reuni\u00f3 virtual amb el nostre equip. Tu tries data i hora.<\/h2>\t\t\t\t<\/div>\n\t\t\t\t<\/div>\n\t\t\t\t<div class=\"elementor-element elementor-element-ad86207 elementor-align-left elementor-widget elementor-widget-button\" data-id=\"ad86207\" data-element_type=\"widget\" data-e-type=\"widget\" data-widget_type=\"button.default\">\n\t\t\t\t<div class=\"elementor-widget-container\">\n\t\t\t\t\t\t\t\t\t<div class=\"elementor-button-wrapper\">\n\t\t\t\t\t<a class=\"elementor-button elementor-button-link elementor-size-sm elementor-animation-grow\" href=\"https:\/\/outlook.office365.com\/owa\/calendar\/CopiadeReuninconServitec@servitecgrup.com\/bookings\/\" target=\"_blank\">\n\t\t\t\t\t\t<span class=\"elementor-button-content-wrapper\">\n\t\t\t\t\t\t<span class=\"elementor-button-icon\">\n\t\t\t\t<i aria-hidden=\"true\" class=\"fas fa-long-arrow-alt-right\"><\/i>\t\t\t<\/span>\n\t\t\t\t\t\t\t\t\t<span class=\"elementor-button-text\">Agendar reuni\u00f3<\/span>\n\t\t\t\t\t<\/span>\n\t\t\t\t\t<\/a>\n\t\t\t\t<\/div>\n\t\t\t\t\t\t\t\t<\/div>\n\t\t\t\t<\/div>\n\t\t\t\t\t<\/div>\n\t\t<\/div>\n\t\t\t\t\t<\/div>\n\t\t<\/section>\n\t\t\t\t<\/div>","protected":false},"excerpt":{"rendered":"<p>GRACIAS POR CONTACTARNOS Hemos recibido tu consulta correctamente. Un miembro del equipo de Servitec Industrial resolver\u00e1 tu consulta con la m\u00e1xima brevedad posible, poni\u00e9ndose en contacto contigo v\u00eda email o tel\u00e9fono. Mientras tanto, puedes seguirnos en redes sociales para estar al d\u00eda de las tendencias del sector y de las novedades de la empresa: Linkedin [&hellip;]<\/p>\n","protected":false},"author":1,"featured_media":0,"parent":0,"menu_order":0,"comment_status":"closed","ping_status":"closed","template":"","meta":{"_acf_changed":false,"footnotes":""},"class_list":["post-2767","page","type-page","status-publish","hentry"],"acf":[],"yoast_head":"<!-- This site is optimized with the Yoast SEO plugin v27.5 - https:\/\/yoast.com\/product\/yoast-seo-wordpress\/ -->\n<title>Gracias por contactar - Servitec Industrial<\/title>\n<meta name=\"description\" content=\"Muchas gracias por ponerte en contacto con Servitec Industrial. Atendremos tu consulta con la m\u00e1xima brevedad posible.\" \/>\n<meta name=\"robots\" content=\"noindex, nofollow\" \/>\n<meta property=\"og:locale\" content=\"ca_ES\" \/>\n<meta property=\"og:type\" content=\"article\" \/>\n<meta property=\"og:title\" content=\"Gracias por contactar - Servitec Industrial\" \/>\n<meta property=\"og:description\" content=\"Muchas gracias por ponerte en contacto con Servitec Industrial. Atendremos tu consulta con la m\u00e1xima brevedad posible.\" \/>\n<meta property=\"og:url\" content=\"https:\/\/www.servitecindustrial.com\/ca\/gracias-por-contactar\/\" \/>\n<meta property=\"og:site_name\" content=\"Servitec Industrial\" \/>\n<meta property=\"article:modified_time\" content=\"2025-02-11T10:26:02+00:00\" \/>\n<meta name=\"twitter:card\" content=\"summary_large_image\" \/>\n<meta name=\"twitter:label1\" content=\"Temps estimat de lectura\" \/>\n\t<meta name=\"twitter:data1\" content=\"1 minut\" \/>\n<script type=\"application\/ld+json\" class=\"yoast-schema-graph\">{\"@context\":\"https:\\\/\\\/schema.org\",\"@graph\":[{\"@type\":\"WebPage\",\"@id\":\"https:\\\/\\\/www.servitecindustrial.com\\\/gracias-por-contactar\\\/\",\"url\":\"https:\\\/\\\/www.servitecindustrial.com\\\/gracias-por-contactar\\\/\",\"name\":\"Gracias por contactar - Servitec Industrial\",\"isPartOf\":{\"@id\":\"https:\\\/\\\/www.servitecindustrial.com\\\/#website\"},\"datePublished\":\"2023-12-07T14:40:26+00:00\",\"dateModified\":\"2025-02-11T10:26:02+00:00\",\"description\":\"Muchas gracias por ponerte en contacto con Servitec Industrial. Atendremos tu consulta con la m\u00e1xima brevedad posible.\",\"breadcrumb\":{\"@id\":\"https:\\\/\\\/www.servitecindustrial.com\\\/gracias-por-contactar\\\/#breadcrumb\"},\"inLanguage\":\"ca\",\"potentialAction\":[{\"@type\":\"ReadAction\",\"target\":[\"https:\\\/\\\/www.servitecindustrial.com\\\/gracias-por-contactar\\\/\"]}]},{\"@type\":\"BreadcrumbList\",\"@id\":\"https:\\\/\\\/www.servitecindustrial.com\\\/gracias-por-contactar\\\/#breadcrumb\",\"itemListElement\":[{\"@type\":\"ListItem\",\"position\":1,\"name\":\"Portada\",\"item\":\"https:\\\/\\\/www.servitecindustrial.com\\\/\"},{\"@type\":\"ListItem\",\"position\":2,\"name\":\"Gracias por contactar\"}]},{\"@type\":\"WebSite\",\"@id\":\"https:\\\/\\\/www.servitecindustrial.com\\\/#website\",\"url\":\"https:\\\/\\\/www.servitecindustrial.com\\\/\",\"name\":\"Servitec Industrial\",\"description\":\"\",\"publisher\":{\"@id\":\"https:\\\/\\\/www.servitecindustrial.com\\\/#organization\"},\"potentialAction\":[{\"@type\":\"SearchAction\",\"target\":{\"@type\":\"EntryPoint\",\"urlTemplate\":\"https:\\\/\\\/www.servitecindustrial.com\\\/?s={search_term_string}\"},\"query-input\":{\"@type\":\"PropertyValueSpecification\",\"valueRequired\":true,\"valueName\":\"search_term_string\"}}],\"inLanguage\":\"ca\"},{\"@type\":\"Organization\",\"@id\":\"https:\\\/\\\/www.servitecindustrial.com\\\/#organization\",\"name\":\"Servitec Industrial\",\"url\":\"https:\\\/\\\/www.servitecindustrial.com\\\/\",\"logo\":{\"@type\":\"ImageObject\",\"inLanguage\":\"ca\",\"@id\":\"https:\\\/\\\/www.servitecindustrial.com\\\/#\\\/schema\\\/logo\\\/image\\\/\",\"url\":\"https:\\\/\\\/www.servitecindustrial.com\\\/wp-content\\\/uploads\\\/2023\\\/03\\\/1.png\",\"contentUrl\":\"https:\\\/\\\/www.servitecindustrial.com\\\/wp-content\\\/uploads\\\/2023\\\/03\\\/1.png\",\"width\":1080,\"height\":1080,\"caption\":\"Servitec Industrial\"},\"image\":{\"@id\":\"https:\\\/\\\/www.servitecindustrial.com\\\/#\\\/schema\\\/logo\\\/image\\\/\"},\"sameAs\":[\"https:\\\/\\\/www.linkedin.com\\\/company\\\/servitec-sa\\\/\"]}]}<\/script>\n<!-- \/ Yoast SEO plugin. -->","yoast_head_json":{"title":"Gracias por contactar - Servitec Industrial","description":"Muchas gracias por ponerte en contacto con Servitec Industrial. Atendremos tu consulta con la m\u00e1xima brevedad posible.","robots":{"index":"noindex","follow":"nofollow"},"og_locale":"ca_ES","og_type":"article","og_title":"Gracias por contactar - Servitec Industrial","og_description":"Muchas gracias por ponerte en contacto con Servitec Industrial. Atendremos tu consulta con la m\u00e1xima brevedad posible.","og_url":"https:\/\/www.servitecindustrial.com\/ca\/gracias-por-contactar\/","og_site_name":"Servitec Industrial","article_modified_time":"2025-02-11T10:26:02+00:00","twitter_card":"summary_large_image","twitter_misc":{"Temps estimat de lectura":"1 minut"},"schema":{"@context":"https:\/\/schema.org","@graph":[{"@type":"WebPage","@id":"https:\/\/www.servitecindustrial.com\/gracias-por-contactar\/","url":"https:\/\/www.servitecindustrial.com\/gracias-por-contactar\/","name":"Gracias por contactar - Servitec Industrial","isPartOf":{"@id":"https:\/\/www.servitecindustrial.com\/#website"},"datePublished":"2023-12-07T14:40:26+00:00","dateModified":"2025-02-11T10:26:02+00:00","description":"Muchas gracias por ponerte en contacto con Servitec Industrial. Atendremos tu consulta con la m\u00e1xima brevedad posible.","breadcrumb":{"@id":"https:\/\/www.servitecindustrial.com\/gracias-por-contactar\/#breadcrumb"},"inLanguage":"ca","potentialAction":[{"@type":"ReadAction","target":["https:\/\/www.servitecindustrial.com\/gracias-por-contactar\/"]}]},{"@type":"BreadcrumbList","@id":"https:\/\/www.servitecindustrial.com\/gracias-por-contactar\/#breadcrumb","itemListElement":[{"@type":"ListItem","position":1,"name":"Portada","item":"https:\/\/www.servitecindustrial.com\/"},{"@type":"ListItem","position":2,"name":"Gracias por contactar"}]},{"@type":"WebSite","@id":"https:\/\/www.servitecindustrial.com\/#website","url":"https:\/\/www.servitecindustrial.com\/","name":"Servitec Industrial","description":"","publisher":{"@id":"https:\/\/www.servitecindustrial.com\/#organization"},"potentialAction":[{"@type":"SearchAction","target":{"@type":"EntryPoint","urlTemplate":"https:\/\/www.servitecindustrial.com\/?s={search_term_string}"},"query-input":{"@type":"PropertyValueSpecification","valueRequired":true,"valueName":"search_term_string"}}],"inLanguage":"ca"},{"@type":"Organization","@id":"https:\/\/www.servitecindustrial.com\/#organization","name":"Servitec Industrial","url":"https:\/\/www.servitecindustrial.com\/","logo":{"@type":"ImageObject","inLanguage":"ca","@id":"https:\/\/www.servitecindustrial.com\/#\/schema\/logo\/image\/","url":"https:\/\/www.servitecindustrial.com\/wp-content\/uploads\/2023\/03\/1.png","contentUrl":"https:\/\/www.servitecindustrial.com\/wp-content\/uploads\/2023\/03\/1.png","width":1080,"height":1080,"caption":"Servitec Industrial"},"image":{"@id":"https:\/\/www.servitecindustrial.com\/#\/schema\/logo\/image\/"},"sameAs":["https:\/\/www.linkedin.com\/company\/servitec-sa\/"]}]}},"_links":{"self":[{"href":"https:\/\/www.servitecindustrial.com\/ca\/wp-json\/wp\/v2\/pages\/2767","targetHints":{"allow":["GET"]}}],"collection":[{"href":"https:\/\/www.servitecindustrial.com\/ca\/wp-json\/wp\/v2\/pages"}],"about":[{"href":"https:\/\/www.servitecindustrial.com\/ca\/wp-json\/wp\/v2\/types\/page"}],"author":[{"embeddable":true,"href":"https:\/\/www.servitecindustrial.com\/ca\/wp-json\/wp\/v2\/users\/1"}],"replies":[{"embeddable":true,"href":"https:\/\/www.servitecindustrial.com\/ca\/wp-json\/wp\/v2\/comments?post=2767"}],"version-history":[{"count":16,"href":"https:\/\/www.servitecindustrial.com\/ca\/wp-json\/wp\/v2\/pages\/2767\/revisions"}],"predecessor-version":[{"id":3794,"href":"https:\/\/www.servitecindustrial.com\/ca\/wp-json\/wp\/v2\/pages\/2767\/revisions\/3794"}],"wp:attachment":[{"href":"https:\/\/www.servitecindustrial.com\/ca\/wp-json\/wp\/v2\/media?parent=2767"}],"curies":[{"name":"wp","href":"https:\/\/api.w.org\/{rel}","templated":true}]}}