{"id":287,"date":"2023-03-28T22:47:50","date_gmt":"2023-03-28T20:47:50","guid":{"rendered":"http:\/\/www.servitecindustrial.com\/?page_id=287"},"modified":"2025-02-11T12:26:36","modified_gmt":"2025-02-11T10:26:36","slug":"aviso-legal","status":"publish","type":"page","link":"https:\/\/www.servitecindustrial.com\/ca\/avis-legal\/","title":{"rendered":"Av\u00eds legal"},"content":{"rendered":"<div data-elementor-type=\"wp-page\" data-elementor-id=\"287\" class=\"elementor elementor-287\" data-elementor-post-type=\"page\">\n\t\t\t\t\t\t<section class=\"elementor-section elementor-top-section elementor-element elementor-element-abe3c8d elementor-section-full_width elementor-section-height-default elementor-section-height-default\" data-id=\"abe3c8d\" data-element_type=\"section\" data-e-type=\"section\">\n\t\t\t\t\t\t<div class=\"elementor-container elementor-column-gap-default\">\n\t\t\t\t\t<div class=\"elementor-column elementor-col-100 elementor-top-column elementor-element elementor-element-025e23a\" data-id=\"025e23a\" data-element_type=\"column\" data-e-type=\"column\">\n\t\t\t<div class=\"elementor-widget-wrap elementor-element-populated\">\n\t\t\t\t\t\t<div class=\"elementor-element elementor-element-2110c5e elementor-widget elementor-widget-heading\" data-id=\"2110c5e\" data-element_type=\"widget\" data-e-type=\"widget\" data-widget_type=\"heading.default\">\n\t\t\t\t<div class=\"elementor-widget-container\">\n\t\t\t\t\t<h2 class=\"elementor-heading-title elementor-size-default\">l'Av\u00eds Legal<\/h2>\t\t\t\t<\/div>\n\t\t\t\t<\/div>\n\t\t\t\t\t<\/div>\n\t\t<\/div>\n\t\t\t\t\t<\/div>\n\t\t<\/section>\n\t\t\t\t<section class=\"elementor-section elementor-top-section elementor-element elementor-element-2449e1b1 elementor-hidden-mobile elementor-section-boxed elementor-section-height-default elementor-section-height-default\" data-id=\"2449e1b1\" data-element_type=\"section\" data-e-type=\"section\">\n\t\t\t\t\t\t<div class=\"elementor-container elementor-column-gap-default\">\n\t\t\t\t\t<div class=\"elementor-column elementor-col-100 elementor-top-column elementor-element elementor-element-7cc59ebf\" data-id=\"7cc59ebf\" data-element_type=\"column\" data-e-type=\"column\">\n\t\t\t<div class=\"elementor-widget-wrap elementor-element-populated\">\n\t\t\t\t\t\t<div class=\"elementor-element elementor-element-35d65680 elementor-widget elementor-widget-text-editor\" data-id=\"35d65680\" data-element_type=\"widget\" data-e-type=\"widget\" data-widget_type=\"text-editor.default\">\n\t\t\t\t<div class=\"elementor-widget-container\">\n\t\t\t\t\t\t\t\t\t<table width=\"665\"><tbody><tr><td width=\"37\"><p><strong><em>1.-<\/em><\/strong><\/p><\/td><td width=\"166\"><p style=\"text-align: left;\"><strong>Responsables del tractament:<\/strong><\/p><\/td><td width=\"363\"><p><strong>SUMINISTROS Y SERVICIOS INDUSTRIALES SERVITEC, S.A.<\/strong><\/p><\/td><td width=\"99\"><p><a href=\"http:\/\/www.servitecindustrial.com\/ca\/politica-de-privacidad\/#responsable-privacidad\"><u>Ampliar info.<\/u><\/a><\/p><\/td><\/tr><tr><td width=\"37\"><p><strong><em>2.-<\/em><\/strong><\/p><\/td><td width=\"166\"><p><strong>Tipus de dades personals que tractem i amb quina finalitat:<\/strong><\/p><\/td><td width=\"363\"><p>Datos de contacto, datos fiscales, y otros necesarios para las finalidades requeridas como dar respuesta a la informaci\u00f3n solicitada a trav\u00e9s de nuestra web <span style=\"text-decoration: underline;\"><a href=\"https:\/\/www.servitecindustrial.com\/ca\/\">https:\/\/www.servitecindustrial.com\/<\/a><\/span> y otros medios, gestionar la venta de nuestros productos o prestaci\u00f3n de nuestros servicios, la gesti\u00f3n comercial y administrativa de la Compa\u00f1\u00eda, as\u00ed como el cumplimiento de las correspondientes obligaciones legales.<\/p><\/td><td width=\"99\"><p><a href=\"http:\/\/www.servitecindustrial.com\/ca\/politica-de-privacidad\/#tipos-finalidad-datos\"><u>Ampliar info.<\/u><\/a><\/p><\/td><\/tr><tr><td width=\"37\"><p><strong><em>3.-<\/em><\/strong><\/p><\/td><td width=\"166\"><p><strong>Legitimaci\u00f3 del tractament:<\/strong><\/p><\/td><td width=\"363\"><p>Consentiment de l'usuari, compliment d'obligacions legals, l'execuci\u00f3 dels contractes que es generin entre l'empresa i els seus clients, treballadors o tercers i, en el seu cas, els interessos leg\u00edtims de la Companyia.<\/p><\/td><td width=\"99\"><p><a href=\"http:\/\/www.servitecindustrial.com\/ca\/politica-de-privacidad\/#base-legal\"><u>Ampliar info.<\/u><\/a><\/p><\/td><\/tr><tr><td width=\"37\"><p><strong><em>4.-<\/em><\/strong><\/p><\/td><td width=\"166\"><p><strong>Termini de conservaci\u00f3:<\/strong><\/p><\/td><td width=\"363\"><p>Mentre duri la legitimaci\u00f3 per consentiment, la relaci\u00f3 contractual, obligaci\u00f3 legal o l'inter\u00e8s leg\u00edtim.<\/p><\/td><td width=\"99\"><p><a href=\"http:\/\/www.servitecindustrial.com\/ca\/politica-de-privacidad\/#plazo-conservacion\"><u>Ampliar info.<\/u><\/a><\/p><\/td><\/tr><tr><td width=\"37\"><p><strong><em>5.-<\/em><\/strong><\/p><\/td><td width=\"166\"><p><strong>Destinataris: <\/strong><\/p><\/td><td width=\"363\"><p>Les dades que ens faciliti seran incorporats a una base de dades pertanyent a SUBMINISTRAMENTS I SERVEIS INDUSTRIALS SERVITEC, S. a., societat integrada en el Grup Servitec entre les societats del qual es poden compartir en determinats casos, per raons operatives i administratives, les bases de dades, per\u00f2 no seran cedits a tercers excepte a aquells que, necess\u00e0riament, hagin d'intervenir per a la venda dels nostres productes o prestaci\u00f3 dels nostres serveis o, per al compliment de les obligacions legals que ens corresponguin.<\/p><\/td><td width=\"99\"><p><a href=\"http:\/\/www.servitecindustrial.com\/ca\/politica-de-privacidad\/#destinatarios\"><u>Ampliar info.<\/u><\/a><\/p><\/td><\/tr><tr><td width=\"37\"><p><strong><em>6.-<\/em><\/strong><\/p><\/td><td width=\"166\"><p><strong>Exercici de drets:<\/strong><\/p><\/td><td width=\"363\"><p>Accedir, rectificar i suprimir les seves dades, aix\u00ed com els altres drets previstos per la normativa vigent.<\/p><\/td><td width=\"99\"><p><a href=\"http:\/\/www.servitecindustrial.com\/ca\/politica-de-privacidad\/#ejercicio-de-derechos\"><u>Ampliar info.<\/u><\/a><\/p><\/td><\/tr><tr><td width=\"37\"><p><strong><em>7.-<\/em><\/strong><\/p><\/td><td width=\"166\"><p><strong>Reclamaci\u00f3 davant l'Autoritat de Control:<\/strong><\/p><\/td><td width=\"363\"><p class=\"translation-block\">Pots dirigir les reclamacions derivades del tractament de les seves dades de car\u00e0cter personal a l'Ag\u00e8ncia Espanyola de Protecci\u00f3 de Dades (<span style=\"text-decoration: underline\"><a href=\"http:\/\/www.aepd.es\" target=\"_self\">www.aepd.es<\/a><\/span>)<\/p><\/td><td width=\"99\"><p><a href=\"http:\/\/www.servitecindustrial.com\/ca\/politica-de-privacidad\/#reclamacion\"><u>Ampliar info.<\/u><\/a><\/p><\/td><\/tr><tr><td width=\"37\"><p><strong><em>8.-<\/em><\/strong><\/p><\/td><td width=\"166\"><p><strong>Legislaci\u00f3 i jurisdicci\u00f3<\/strong><\/p><\/td><td width=\"363\"><p>La present pol\u00edtica de privacitat es regeix en tots i cadascun dels seus extrems pel Reglament General de Protecci\u00f3 de dades de la Uni\u00f3 Europea i altra normativa espanyola relacionada.<\/p><\/td><td width=\"99\"><p><a href=\"http:\/\/www.servitecindustrial.com\/ca\/politica-de-privacidad\/#legislacion\"><u>Ampliar info.<\/u><\/a><\/p><\/td><\/tr><tr><td width=\"37\"><p><strong><em>9.-<\/em><\/strong><\/p><\/td><td width=\"166\"><p><strong>Informaci\u00f3 addicional<\/strong><\/p><\/td><td width=\"363\"><p>Informaci\u00f3 addicional sobre seguretat i altres aspectes<\/p><\/td><td width=\"99\"><p><a href=\"http:\/\/www.servitecindustrial.com\/ca\/politica-de-privacidad\/#informacion-adicional\"><u>Ampliar info.<\/u><\/a><\/p><\/td><\/tr><tr><td width=\"37\"><p><strong><em>10.-<\/em><\/strong><\/p><\/td><td width=\"166\"><p><strong>Actualitzaci\u00f3:<\/strong><\/p><\/td><td width=\"363\"><p><strong>Maig 2023<\/strong><\/p><\/td><td width=\"99\"><p><a href=\"http:\/\/www.servitecindustrial.com\/ca\/politica-de-privacidad\/#actualizacion\"><u>Ampliar info.<\/u><\/a><\/p><\/td><\/tr><\/tbody><\/table>\t\t\t\t\t\t\t\t<\/div>\n\t\t\t\t<\/div>\n\t\t\t\t\t<\/div>\n\t\t<\/div>\n\t\t\t\t\t<\/div>\n\t\t<\/section>\n\t\t\t\t<section class=\"elementor-section elementor-top-section elementor-element elementor-element-b002c81 elementor-hidden-desktop elementor-hidden-tablet elementor-section-boxed elementor-section-height-default elementor-section-height-default\" data-id=\"b002c81\" data-element_type=\"section\" data-e-type=\"section\">\n\t\t\t\t\t\t<div class=\"elementor-container elementor-column-gap-default\">\n\t\t\t\t\t<div class=\"elementor-column elementor-col-100 elementor-top-column elementor-element elementor-element-c1c3483\" data-id=\"c1c3483\" data-element_type=\"column\" data-e-type=\"column\">\n\t\t\t<div class=\"elementor-widget-wrap elementor-element-populated\">\n\t\t\t\t\t\t<div class=\"elementor-element elementor-element-54e31e4 elementor-widget elementor-widget-text-editor\" data-id=\"54e31e4\" data-element_type=\"widget\" data-e-type=\"widget\" data-widget_type=\"text-editor.default\">\n\t\t\t\t<div class=\"elementor-widget-container\">\n\t\t\t\t\t\t\t\t\t<table width=\"665\"><tbody><tr><td width=\"37\"><p><strong><em>1.-<\/em><\/strong><\/p><\/td><td width=\"166\"><p style=\"text-align: left;\"><strong>Responsables del tractament:<\/strong><\/p><\/td><td width=\"363\"><p><strong>SUMINISTROS Y SERVICIOS INDUSTRIALES SERVITEC, S.A.<\/strong><\/p><\/td><td width=\"99\"><p><a href=\"http:\/\/www.servitecindustrial.com\/ca\/politica-de-privacidad\/#responsable-privacidad\"><u>Ampliar info.<\/u><\/a><\/p><\/td><\/tr><tr><td width=\"37\"><p><strong><em>2.-<\/em><\/strong><\/p><\/td><td width=\"166\"><p><strong>Tipus de dades personals que tractem i amb quina finalitat:<\/strong><\/p><\/td><td width=\"363\"><p class=\"translation-block\">Dades de contacte, dades fiscals, i altres necessaris per a les finalitats requerides com donar resposta a la informaci\u00f3 sol\u00b7licitada a trav\u00e9s de la nostra web <span style=\"text-decoration: underline\"><a href=\"https:\/\/www.servitecgrup.com\" target=\"_self\">https:\/\/www.servitecgrup.com<\/a><\/span> i altres mitjans, gestionar la venda dels nostres productes o prestaci\u00f3 dels nostres serveis, la gesti\u00f3 comercial i administrativa de la Companyia, aix\u00ed com el compliment de les corresponents obligacions legals.<\/p><\/td><td width=\"99\"><p><a href=\"http:\/\/www.servitecindustrial.com\/ca\/politica-de-privacidad\/#tipos-finalidad-datos\"><u>Ampliar info.<\/u><\/a><\/p><\/td><\/tr><tr><td width=\"37\"><p><strong><em>3.-<\/em><\/strong><\/p><\/td><td width=\"166\"><p><strong>Legitimaci\u00f3 del tractament:<\/strong><\/p><\/td><td width=\"363\"><p>Consentiment de l'usuari, compliment d'obligacions legals, l'execuci\u00f3 dels contractes que es generin entre l'empresa i els seus clients, treballadors o tercers i, en el seu cas, els interessos leg\u00edtims de la Companyia.<\/p><\/td><td width=\"99\"><p><a href=\"http:\/\/www.servitecindustrial.com\/ca\/politica-de-privacidad\/#base-legal\"><u>Ampliar info.<\/u><\/a><\/p><\/td><\/tr><tr><td width=\"37\"><p><strong><em>4.-<\/em><\/strong><\/p><\/td><td width=\"166\"><p><strong>Termini de conservaci\u00f3:<\/strong><\/p><\/td><td width=\"363\"><p>Mentre duri la legitimaci\u00f3 per consentiment, la relaci\u00f3 contractual, obligaci\u00f3 legal o l'inter\u00e8s leg\u00edtim.<\/p><\/td><td width=\"99\"><p><a href=\"http:\/\/www.servitecindustrial.com\/ca\/politica-de-privacidad\/#plazo-conservacion\"><u>Ampliar info.<\/u><\/a><\/p><\/td><\/tr><tr><td width=\"37\"><p><strong><em>5.-<\/em><\/strong><\/p><\/td><td width=\"166\"><p><strong>Destinataris: <\/strong><\/p><\/td><td width=\"363\"><p>Les dades que ens faciliti seran incorporats a una base de dades pertanyent a SUBMINISTRAMENTS I SERVEIS INDUSTRIALS SERVITEC, S. a., societat integrada en el Grup Servitec entre les societats del qual es poden compartir en determinats casos, per raons operatives i administratives, les bases de dades, per\u00f2 no seran cedits a tercers excepte a aquells que, necess\u00e0riament, hagin d'intervenir per a la venda dels nostres productes o prestaci\u00f3 dels nostres serveis o, per al compliment de les obligacions legals que ens corresponguin.<\/p><\/td><td width=\"99\"><p><a href=\"http:\/\/www.servitecindustrial.com\/ca\/politica-de-privacidad\/#destinatarios\"><u>Ampliar info.<\/u><\/a><\/p><\/td><\/tr><tr><td width=\"37\"><p><strong><em>6.-<\/em><\/strong><\/p><\/td><td width=\"166\"><p><strong>Exercici de drets:<\/strong><\/p><\/td><td width=\"363\"><p>Accedir, rectificar i suprimir les seves dades, aix\u00ed com els altres drets previstos per la normativa vigent.<\/p><\/td><td width=\"99\"><p><a href=\"http:\/\/www.servitecindustrial.com\/ca\/politica-de-privacidad\/#ejercicio-de-derechos\"><u>Ampliar info.<\/u><\/a><\/p><\/td><\/tr><tr><td width=\"37\"><p><strong><em>7.-<\/em><\/strong><\/p><\/td><td width=\"166\"><p><strong>Reclamaci\u00f3 davant l'Autoritat de Control:<\/strong><\/p><\/td><td width=\"363\"><p class=\"translation-block\">Pots dirigir les reclamacions derivades del tractament de les seves dades de car\u00e0cter personal a l'Ag\u00e8ncia Espanyola de Protecci\u00f3 de Dades (<span style=\"text-decoration: underline\"><a href=\"http:\/\/www.aepd.es\" target=\"_self\">www.aepd.es<\/a><\/span>)<\/p><\/td><td width=\"99\"><p><a href=\"http:\/\/www.servitecindustrial.com\/ca\/politica-de-privacidad\/#reclamacion\"><u>Ampliar info.<\/u><\/a><\/p><\/td><\/tr><tr><td width=\"37\"><p><strong><em>8.-<\/em><\/strong><\/p><\/td><td width=\"166\"><p><strong>Legislaci\u00f3 i jurisdicci\u00f3<\/strong><\/p><\/td><td width=\"363\"><p>La present pol\u00edtica de privacitat es regeix en tots i cadascun dels seus extrems pel Reglament General de Protecci\u00f3 de dades de la Uni\u00f3 Europea i altra normativa espanyola relacionada.<\/p><\/td><td width=\"99\"><p><a href=\"http:\/\/www.servitecindustrial.com\/ca\/politica-de-privacidad\/#legislacion\"><u>Ampliar info.<\/u><\/a><\/p><\/td><\/tr><tr><td width=\"37\"><p><strong><em>9.-<\/em><\/strong><\/p><\/td><td width=\"166\"><p><strong>Informaci\u00f3 addicional<\/strong><\/p><\/td><td width=\"363\"><p>Informaci\u00f3 addicional sobre seguretat i altres aspectes<\/p><\/td><td width=\"99\"><p><a href=\"http:\/\/www.servitecindustrial.com\/ca\/politica-de-privacidad\/#informacion-adicional\"><u>Ampliar info.<\/u><\/a><\/p><\/td><\/tr><tr><td width=\"37\"><p><strong><em>10.-<\/em><\/strong><\/p><\/td><td width=\"166\"><p><strong>Actualitzaci\u00f3:<\/strong><\/p><\/td><td width=\"363\"><p><strong>Maig 2023<\/strong><\/p><\/td><td width=\"99\"><p><a href=\"http:\/\/www.servitecindustrial.com\/ca\/politica-de-privacidad\/#actualizacion\"><u>Ampliar info.<\/u><\/a><\/p><\/td><\/tr><\/tbody><\/table>\t\t\t\t\t\t\t\t<\/div>\n\t\t\t\t<\/div>\n\t\t\t\t\t<\/div>\n\t\t<\/div>\n\t\t\t\t\t<\/div>\n\t\t<\/section>\n\t\t\t\t<\/div>","protected":false},"excerpt":{"rendered":"<p>Aviso Legal 1.- Responsables del tratamiento: SUMINISTROS Y SERVICIOS INDUSTRIALES SERVITEC, S.A. Ampliar info. 2.- Tipo de datos personales que tratamos y con qu\u00e9 finalidad: Datos de contacto, datos fiscales, y otros necesarios para las finalidades requeridas como dar respuesta a la informaci\u00f3n solicitada a trav\u00e9s de nuestra web https:\/\/www.servitecindustrial.com\/ y otros medios, gestionar la [&hellip;]<\/p>\n","protected":false},"author":1,"featured_media":0,"parent":0,"menu_order":0,"comment_status":"closed","ping_status":"closed","template":"","meta":{"_acf_changed":false,"footnotes":""},"class_list":["post-287","page","type-page","status-publish","hentry"],"acf":[],"yoast_head":"<!-- This site is optimized with the Yoast SEO plugin v27.4 - https:\/\/yoast.com\/product\/yoast-seo-wordpress\/ -->\n<title>Aviso Legal - Servitec Industrial<\/title>\n<meta name=\"description\" content=\"Descubre nuestro aviso legal. Informaci\u00f3n adicional sobre seguridad, otros aspectos importantes y con qu\u00e9 finalidad tratamos tus datos.\" \/>\n<meta name=\"robots\" content=\"noindex, nofollow\" \/>\n<meta property=\"og:locale\" content=\"ca_ES\" \/>\n<meta property=\"og:type\" content=\"article\" \/>\n<meta property=\"og:title\" content=\"Aviso Legal - Servitec Industrial\" \/>\n<meta property=\"og:description\" content=\"Descubre nuestro aviso legal. Informaci\u00f3n adicional sobre seguridad, otros aspectos importantes y con qu\u00e9 finalidad tratamos tus datos.\" \/>\n<meta property=\"og:url\" content=\"https:\/\/www.servitecindustrial.com\/ca\/avis-legal\/\" \/>\n<meta property=\"og:site_name\" content=\"Servitec Industrial\" \/>\n<meta property=\"article:modified_time\" content=\"2025-02-11T10:26:36+00:00\" \/>\n<meta name=\"twitter:card\" content=\"summary_large_image\" \/>\n<meta name=\"twitter:label1\" content=\"Temps estimat de lectura\" \/>\n\t<meta name=\"twitter:data1\" content=\"4 minuts\" \/>\n<script type=\"application\/ld+json\" class=\"yoast-schema-graph\">{\"@context\":\"https:\\\/\\\/schema.org\",\"@graph\":[{\"@type\":\"WebPage\",\"@id\":\"https:\\\/\\\/www.servitecindustrial.com\\\/aviso-legal\\\/\",\"url\":\"https:\\\/\\\/www.servitecindustrial.com\\\/aviso-legal\\\/\",\"name\":\"Aviso Legal - Servitec Industrial\",\"isPartOf\":{\"@id\":\"https:\\\/\\\/www.servitecindustrial.com\\\/#website\"},\"datePublished\":\"2023-03-28T20:47:50+00:00\",\"dateModified\":\"2025-02-11T10:26:36+00:00\",\"description\":\"Descubre nuestro aviso legal. Informaci\u00f3n adicional sobre seguridad, otros aspectos importantes y con qu\u00e9 finalidad tratamos tus datos.\",\"breadcrumb\":{\"@id\":\"https:\\\/\\\/www.servitecindustrial.com\\\/aviso-legal\\\/#breadcrumb\"},\"inLanguage\":\"ca\",\"potentialAction\":[{\"@type\":\"ReadAction\",\"target\":[\"https:\\\/\\\/www.servitecindustrial.com\\\/aviso-legal\\\/\"]}]},{\"@type\":\"BreadcrumbList\",\"@id\":\"https:\\\/\\\/www.servitecindustrial.com\\\/aviso-legal\\\/#breadcrumb\",\"itemListElement\":[{\"@type\":\"ListItem\",\"position\":1,\"name\":\"Portada\",\"item\":\"https:\\\/\\\/www.servitecindustrial.com\\\/\"},{\"@type\":\"ListItem\",\"position\":2,\"name\":\"Aviso legal\"}]},{\"@type\":\"WebSite\",\"@id\":\"https:\\\/\\\/www.servitecindustrial.com\\\/#website\",\"url\":\"https:\\\/\\\/www.servitecindustrial.com\\\/\",\"name\":\"Servitec Industrial\",\"description\":\"\",\"publisher\":{\"@id\":\"https:\\\/\\\/www.servitecindustrial.com\\\/#organization\"},\"potentialAction\":[{\"@type\":\"SearchAction\",\"target\":{\"@type\":\"EntryPoint\",\"urlTemplate\":\"https:\\\/\\\/www.servitecindustrial.com\\\/?s={search_term_string}\"},\"query-input\":{\"@type\":\"PropertyValueSpecification\",\"valueRequired\":true,\"valueName\":\"search_term_string\"}}],\"inLanguage\":\"ca\"},{\"@type\":\"Organization\",\"@id\":\"https:\\\/\\\/www.servitecindustrial.com\\\/#organization\",\"name\":\"Servitec Industrial\",\"url\":\"https:\\\/\\\/www.servitecindustrial.com\\\/\",\"logo\":{\"@type\":\"ImageObject\",\"inLanguage\":\"ca\",\"@id\":\"https:\\\/\\\/www.servitecindustrial.com\\\/#\\\/schema\\\/logo\\\/image\\\/\",\"url\":\"https:\\\/\\\/www.servitecindustrial.com\\\/wp-content\\\/uploads\\\/2023\\\/03\\\/1.png\",\"contentUrl\":\"https:\\\/\\\/www.servitecindustrial.com\\\/wp-content\\\/uploads\\\/2023\\\/03\\\/1.png\",\"width\":1080,\"height\":1080,\"caption\":\"Servitec Industrial\"},\"image\":{\"@id\":\"https:\\\/\\\/www.servitecindustrial.com\\\/#\\\/schema\\\/logo\\\/image\\\/\"},\"sameAs\":[\"https:\\\/\\\/www.linkedin.com\\\/company\\\/servitec-sa\\\/\"]}]}<\/script>\n<!-- \/ Yoast SEO plugin. -->","yoast_head_json":{"title":"l'Av\u00eds Legal - Servitec Industrial","description":"Descobreix el nostre av\u00eds legal. Informaci\u00f3 addicional sobre seguretat, altres aspectes importants i amb quina finalitat tractem les teves dades.","robots":{"index":"noindex","follow":"nofollow"},"og_locale":"ca_ES","og_type":"article","og_title":"Aviso Legal - Servitec Industrial","og_description":"Descubre nuestro aviso legal. Informaci\u00f3n adicional sobre seguridad, otros aspectos importantes y con qu\u00e9 finalidad tratamos tus datos.","og_url":"https:\/\/www.servitecindustrial.com\/ca\/avis-legal\/","og_site_name":"Servitec Industrial","article_modified_time":"2025-02-11T10:26:36+00:00","twitter_card":"summary_large_image","twitter_misc":{"Temps estimat de lectura":"4 minuts"},"schema":{"@context":"https:\/\/schema.org","@graph":[{"@type":"WebPage","@id":"https:\/\/www.servitecindustrial.com\/aviso-legal\/","url":"https:\/\/www.servitecindustrial.com\/aviso-legal\/","name":"l'Av\u00eds Legal - Servitec Industrial","isPartOf":{"@id":"https:\/\/www.servitecindustrial.com\/#website"},"datePublished":"2023-03-28T20:47:50+00:00","dateModified":"2025-02-11T10:26:36+00:00","description":"Descobreix el nostre av\u00eds legal. Informaci\u00f3 addicional sobre seguretat, altres aspectes importants i amb quina finalitat tractem les teves dades.","breadcrumb":{"@id":"https:\/\/www.servitecindustrial.com\/aviso-legal\/#breadcrumb"},"inLanguage":"ca","potentialAction":[{"@type":"ReadAction","target":["https:\/\/www.servitecindustrial.com\/aviso-legal\/"]}]},{"@type":"BreadcrumbList","@id":"https:\/\/www.servitecindustrial.com\/aviso-legal\/#breadcrumb","itemListElement":[{"@type":"ListItem","position":1,"name":"Portada","item":"https:\/\/www.servitecindustrial.com\/"},{"@type":"ListItem","position":2,"name":"Aviso legal"}]},{"@type":"WebSite","@id":"https:\/\/www.servitecindustrial.com\/#website","url":"https:\/\/www.servitecindustrial.com\/","name":"Servitec Industrial","description":"","publisher":{"@id":"https:\/\/www.servitecindustrial.com\/#organization"},"potentialAction":[{"@type":"SearchAction","target":{"@type":"EntryPoint","urlTemplate":"https:\/\/www.servitecindustrial.com\/?s={search_term_string}"},"query-input":{"@type":"PropertyValueSpecification","valueRequired":true,"valueName":"search_term_string"}}],"inLanguage":"ca"},{"@type":"Organization","@id":"https:\/\/www.servitecindustrial.com\/#organization","name":"Servitec Industrial","url":"https:\/\/www.servitecindustrial.com\/","logo":{"@type":"ImageObject","inLanguage":"ca","@id":"https:\/\/www.servitecindustrial.com\/#\/schema\/logo\/image\/","url":"https:\/\/www.servitecindustrial.com\/wp-content\/uploads\/2023\/03\/1.png","contentUrl":"https:\/\/www.servitecindustrial.com\/wp-content\/uploads\/2023\/03\/1.png","width":1080,"height":1080,"caption":"Servitec Industrial"},"image":{"@id":"https:\/\/www.servitecindustrial.com\/#\/schema\/logo\/image\/"},"sameAs":["https:\/\/www.linkedin.com\/company\/servitec-sa\/"]}]}},"_links":{"self":[{"href":"https:\/\/www.servitecindustrial.com\/ca\/wp-json\/wp\/v2\/pages\/287","targetHints":{"allow":["GET"]}}],"collection":[{"href":"https:\/\/www.servitecindustrial.com\/ca\/wp-json\/wp\/v2\/pages"}],"about":[{"href":"https:\/\/www.servitecindustrial.com\/ca\/wp-json\/wp\/v2\/types\/page"}],"author":[{"embeddable":true,"href":"https:\/\/www.servitecindustrial.com\/ca\/wp-json\/wp\/v2\/users\/1"}],"replies":[{"embeddable":true,"href":"https:\/\/www.servitecindustrial.com\/ca\/wp-json\/wp\/v2\/comments?post=287"}],"version-history":[{"count":38,"href":"https:\/\/www.servitecindustrial.com\/ca\/wp-json\/wp\/v2\/pages\/287\/revisions"}],"predecessor-version":[{"id":3797,"href":"https:\/\/www.servitecindustrial.com\/ca\/wp-json\/wp\/v2\/pages\/287\/revisions\/3797"}],"wp:attachment":[{"href":"https:\/\/www.servitecindustrial.com\/ca\/wp-json\/wp\/v2\/media?parent=287"}],"curies":[{"name":"wp","href":"https:\/\/api.w.org\/{rel}","templated":true}]}}