{"id":3496,"date":"2025-01-29T14:03:56","date_gmt":"2025-01-29T12:03:56","guid":{"rendered":"https:\/\/www.servitecindustrial.com\/producto\/valvula-de-aguja-econ-1223\/"},"modified":"2025-01-29T14:04:05","modified_gmt":"2025-01-29T12:04:05","slug":"valvula-de-aguja-econ-1223","status":"publish","type":"product","link":"https:\/\/www.servitecindustrial.com\/ca\/producte\/valvula-de-aguja-econ-1223\/","title":{"rendered":"V\u00e1lvula de aguja ECON 1223 Acero inoxidable\/PTFE Palanca en T  Tornillo de purga Di\u00e1metro de la v\u00e1lvula: 6 mm PN400 Rosca interna (NPT) Rosca externa (NPT) 1\/2&#8243; (15)"},"content":{"rendered":"<p>V\u00e1lvula de aguja ECON 1223, fabricada en Acero Inoxidable construcci\u00f3n recta, conexi\u00f3n Rosca Interna. Presi\u00f3n nominal PN400 , rango de temperaturas -10\/+180\u00b0C. Medidas  1\/2&#8243;.<\/p>","protected":false},"excerpt":{"rendered":"<p>V\u00e1lvula de aguja ECON 1223, fabricada en Acero Inoxidable construcci\u00f3n recta, conexi\u00f3n Rosca Interna. Presi\u00f3n nominal PN400 , rango de temperaturas -10\/+180\u00b0C. Medidas 1\/2&#8243;.<\/p>","protected":false},"featured_media":3497,"template":"","meta":{"_acf_changed":false},"product_brand":[],"product_cat":[33,35,132],"product_tag":[],"class_list":{"0":"post-3496","1":"product","2":"type-product","3":"status-publish","4":"has-post-thumbnail","6":"product_cat-fluidos","7":"product_cat-valvulas","8":"product_cat-valvulas-de-aguja","9":"pa_tipo-de-producto-208","11":"first","12":"instock","13":"sold-individually","14":"product-type-simple"},"acf":[],"yoast_head":"<!-- This site is optimized with the Yoast SEO plugin v27.5 - https:\/\/yoast.com\/product\/yoast-seo-wordpress\/ -->\n<title>V\u00e1lvula de aguja ECON 1223 Acero inoxidable\/PTFE Palanca en T Tornillo de purga Di\u00e1metro de la v\u00e1lvula: 6 mm PN400 Rosca interna (NPT) Rosca externa (NPT) 1\/2&quot; (15)<\/title>\n<meta name=\"description\" content=\"V\u00e1lvula de aguja ECON 1223, fabricada en Acero Inoxidable construcci\u00f3n recta, conexi\u00f3n Rosca Interna.\" \/>\n<meta name=\"robots\" content=\"index, follow, max-snippet:-1, max-image-preview:large, max-video-preview:-1\" \/>\n<link rel=\"canonical\" href=\"https:\/\/www.servitecindustrial.com\/ca\/producte\/valvula-de-aguja-econ-1223\/\" \/>\n<meta property=\"og:locale\" content=\"ca_ES\" \/>\n<meta property=\"og:type\" content=\"article\" \/>\n<meta property=\"og:title\" content=\"V\u00e1lvula de aguja ECON 1223 Acero inoxidable\/PTFE Palanca en T Tornillo de purga Di\u00e1metro de la v\u00e1lvula: 6 mm PN400 Rosca interna (NPT) Rosca externa (NPT) 1\/2&quot; (15)\" \/>\n<meta property=\"og:description\" content=\"V\u00e1lvula de aguja ECON 1223, fabricada en Acero Inoxidable construcci\u00f3n recta, conexi\u00f3n Rosca Interna.\" \/>\n<meta property=\"og:url\" content=\"https:\/\/www.servitecindustrial.com\/ca\/producte\/valvula-de-aguja-econ-1223\/\" \/>\n<meta property=\"og:site_name\" content=\"Servitec Industrial\" \/>\n<meta property=\"article:modified_time\" content=\"2025-01-29T12:04:05+00:00\" \/>\n<meta property=\"og:image\" content=\"https:\/\/www.servitecindustrial.com\/wp-content\/uploads\/2025\/01\/1223.jpg\" \/>\n\t<meta property=\"og:image:width\" content=\"370\" \/>\n\t<meta property=\"og:image:height\" content=\"370\" \/>\n\t<meta property=\"og:image:type\" content=\"image\/jpeg\" \/>\n<meta name=\"twitter:card\" content=\"summary_large_image\" \/>\n<script type=\"application\/ld+json\" class=\"yoast-schema-graph\">{\"@context\":\"https:\\\/\\\/schema.org\",\"@graph\":[{\"@type\":\"WebPage\",\"@id\":\"https:\\\/\\\/www.servitecindustrial.com\\\/producto\\\/valvula-de-aguja-econ-1223\\\/\",\"url\":\"https:\\\/\\\/www.servitecindustrial.com\\\/producto\\\/valvula-de-aguja-econ-1223\\\/\",\"name\":\"V\u00e1lvula de aguja ECON 1223 Acero inoxidable\\\/PTFE Palanca en T Tornillo de purga Di\u00e1metro de la v\u00e1lvula: 6 mm PN400 Rosca interna (NPT) Rosca externa (NPT) 1\\\/2\\\" (15)\",\"isPartOf\":{\"@id\":\"https:\\\/\\\/www.servitecindustrial.com\\\/#website\"},\"primaryImageOfPage\":{\"@id\":\"https:\\\/\\\/www.servitecindustrial.com\\\/producto\\\/valvula-de-aguja-econ-1223\\\/#primaryimage\"},\"image\":{\"@id\":\"https:\\\/\\\/www.servitecindustrial.com\\\/producto\\\/valvula-de-aguja-econ-1223\\\/#primaryimage\"},\"thumbnailUrl\":\"https:\\\/\\\/www.servitecindustrial.com\\\/wp-content\\\/uploads\\\/2025\\\/01\\\/1223.jpg\",\"datePublished\":\"2025-01-29T12:03:56+00:00\",\"dateModified\":\"2025-01-29T12:04:05+00:00\",\"description\":\"V\u00e1lvula de aguja ECON 1223, fabricada en Acero Inoxidable construcci\u00f3n recta, conexi\u00f3n Rosca Interna.\",\"breadcrumb\":{\"@id\":\"https:\\\/\\\/www.servitecindustrial.com\\\/producto\\\/valvula-de-aguja-econ-1223\\\/#breadcrumb\"},\"inLanguage\":\"ca\",\"potentialAction\":[{\"@type\":\"ReadAction\",\"target\":[\"https:\\\/\\\/www.servitecindustrial.com\\\/producto\\\/valvula-de-aguja-econ-1223\\\/\"]}]},{\"@type\":\"ImageObject\",\"inLanguage\":\"ca\",\"@id\":\"https:\\\/\\\/www.servitecindustrial.com\\\/producto\\\/valvula-de-aguja-econ-1223\\\/#primaryimage\",\"url\":\"https:\\\/\\\/www.servitecindustrial.com\\\/wp-content\\\/uploads\\\/2025\\\/01\\\/1223.jpg\",\"contentUrl\":\"https:\\\/\\\/www.servitecindustrial.com\\\/wp-content\\\/uploads\\\/2025\\\/01\\\/1223.jpg\",\"width\":370,\"height\":370},{\"@type\":\"BreadcrumbList\",\"@id\":\"https:\\\/\\\/www.servitecindustrial.com\\\/producto\\\/valvula-de-aguja-econ-1223\\\/#breadcrumb\",\"itemListElement\":[{\"@type\":\"ListItem\",\"position\":1,\"name\":\"Portada\",\"item\":\"https:\\\/\\\/www.servitecindustrial.com\\\/\"},{\"@type\":\"ListItem\",\"position\":2,\"name\":\"Tienda\",\"item\":\"https:\\\/\\\/www.servitecindustrial.com\\\/en\\\/tienda\\\/\"},{\"@type\":\"ListItem\",\"position\":3,\"name\":\"V\u00e1lvula de aguja ECON 1223 Acero inoxidable\\\/PTFE Palanca en T Tornillo de purga Di\u00e1metro de la v\u00e1lvula: 6 mm PN400 Rosca interna (NPT) Rosca externa (NPT) 1\\\/2&#8243; (15)\"}]},{\"@type\":\"WebSite\",\"@id\":\"https:\\\/\\\/www.servitecindustrial.com\\\/#website\",\"url\":\"https:\\\/\\\/www.servitecindustrial.com\\\/\",\"name\":\"Servitec Industrial\",\"description\":\"\",\"publisher\":{\"@id\":\"https:\\\/\\\/www.servitecindustrial.com\\\/#organization\"},\"potentialAction\":[{\"@type\":\"SearchAction\",\"target\":{\"@type\":\"EntryPoint\",\"urlTemplate\":\"https:\\\/\\\/www.servitecindustrial.com\\\/?s={search_term_string}\"},\"query-input\":{\"@type\":\"PropertyValueSpecification\",\"valueRequired\":true,\"valueName\":\"search_term_string\"}}],\"inLanguage\":\"ca\"},{\"@type\":\"Organization\",\"@id\":\"https:\\\/\\\/www.servitecindustrial.com\\\/#organization\",\"name\":\"Servitec Industrial\",\"url\":\"https:\\\/\\\/www.servitecindustrial.com\\\/\",\"logo\":{\"@type\":\"ImageObject\",\"inLanguage\":\"ca\",\"@id\":\"https:\\\/\\\/www.servitecindustrial.com\\\/#\\\/schema\\\/logo\\\/image\\\/\",\"url\":\"https:\\\/\\\/www.servitecindustrial.com\\\/wp-content\\\/uploads\\\/2023\\\/03\\\/1.png\",\"contentUrl\":\"https:\\\/\\\/www.servitecindustrial.com\\\/wp-content\\\/uploads\\\/2023\\\/03\\\/1.png\",\"width\":1080,\"height\":1080,\"caption\":\"Servitec Industrial\"},\"image\":{\"@id\":\"https:\\\/\\\/www.servitecindustrial.com\\\/#\\\/schema\\\/logo\\\/image\\\/\"},\"sameAs\":[\"https:\\\/\\\/www.linkedin.com\\\/company\\\/servitec-sa\\\/\"]}]}<\/script>\n<!-- \/ Yoast SEO plugin. -->","yoast_head_json":{"title":"V\u00e1lvula de aguja ECON 1223 Acero inoxidable\/PTFE Palanca en T Tornillo de purga Di\u00e1metro de la v\u00e1lvula: 6 mm PN400 Rosca interna (NPT) Rosca externa (NPT) 1\/2\" (15)","description":"V\u00e1lvula de aguja ECON 1223, fabricada en Acero Inoxidable construcci\u00f3n recta, conexi\u00f3n Rosca Interna.","robots":{"index":"index","follow":"follow","max-snippet":"max-snippet:-1","max-image-preview":"max-image-preview:large","max-video-preview":"max-video-preview:-1"},"canonical":"https:\/\/www.servitecindustrial.com\/ca\/producte\/valvula-de-aguja-econ-1223\/","og_locale":"ca_ES","og_type":"article","og_title":"V\u00e1lvula de aguja ECON 1223 Acero inoxidable\/PTFE Palanca en T Tornillo de purga Di\u00e1metro de la v\u00e1lvula: 6 mm PN400 Rosca interna (NPT) Rosca externa (NPT) 1\/2\" (15)","og_description":"V\u00e1lvula de aguja ECON 1223, fabricada en Acero Inoxidable construcci\u00f3n recta, conexi\u00f3n Rosca Interna.","og_url":"https:\/\/www.servitecindustrial.com\/ca\/producte\/valvula-de-aguja-econ-1223\/","og_site_name":"Servitec Industrial","article_modified_time":"2025-01-29T12:04:05+00:00","og_image":[{"width":370,"height":370,"url":"https:\/\/www.servitecindustrial.com\/wp-content\/uploads\/2025\/01\/1223.jpg","type":"image\/jpeg"}],"twitter_card":"summary_large_image","schema":{"@context":"https:\/\/schema.org","@graph":[{"@type":"WebPage","@id":"https:\/\/www.servitecindustrial.com\/producto\/valvula-de-aguja-econ-1223\/","url":"https:\/\/www.servitecindustrial.com\/producto\/valvula-de-aguja-econ-1223\/","name":"V\u00e1lvula de aguja ECON 1223 Acero inoxidable\/PTFE Palanca en T Tornillo de purga Di\u00e1metro de la v\u00e1lvula: 6 mm PN400 Rosca interna (NPT) Rosca externa (NPT) 1\/2\" (15)","isPartOf":{"@id":"https:\/\/www.servitecindustrial.com\/#website"},"primaryImageOfPage":{"@id":"https:\/\/www.servitecindustrial.com\/producto\/valvula-de-aguja-econ-1223\/#primaryimage"},"image":{"@id":"https:\/\/www.servitecindustrial.com\/producto\/valvula-de-aguja-econ-1223\/#primaryimage"},"thumbnailUrl":"https:\/\/www.servitecindustrial.com\/wp-content\/uploads\/2025\/01\/1223.jpg","datePublished":"2025-01-29T12:03:56+00:00","dateModified":"2025-01-29T12:04:05+00:00","description":"V\u00e1lvula de aguja ECON 1223, fabricada en Acero Inoxidable construcci\u00f3n recta, conexi\u00f3n Rosca Interna.","breadcrumb":{"@id":"https:\/\/www.servitecindustrial.com\/producto\/valvula-de-aguja-econ-1223\/#breadcrumb"},"inLanguage":"ca","potentialAction":[{"@type":"ReadAction","target":["https:\/\/www.servitecindustrial.com\/producto\/valvula-de-aguja-econ-1223\/"]}]},{"@type":"ImageObject","inLanguage":"ca","@id":"https:\/\/www.servitecindustrial.com\/producto\/valvula-de-aguja-econ-1223\/#primaryimage","url":"https:\/\/www.servitecindustrial.com\/wp-content\/uploads\/2025\/01\/1223.jpg","contentUrl":"https:\/\/www.servitecindustrial.com\/wp-content\/uploads\/2025\/01\/1223.jpg","width":370,"height":370},{"@type":"BreadcrumbList","@id":"https:\/\/www.servitecindustrial.com\/producto\/valvula-de-aguja-econ-1223\/#breadcrumb","itemListElement":[{"@type":"ListItem","position":1,"name":"Portada","item":"https:\/\/www.servitecindustrial.com\/"},{"@type":"ListItem","position":2,"name":"Tienda","item":"https:\/\/www.servitecindustrial.com\/en\/tienda\/"},{"@type":"ListItem","position":3,"name":"V\u00e1lvula de aguja ECON 1223 Acero inoxidable\/PTFE Palanca en T Tornillo de purga Di\u00e1metro de la v\u00e1lvula: 6 mm PN400 Rosca interna (NPT) Rosca externa (NPT) 1\/2&#8243; (15)"}]},{"@type":"WebSite","@id":"https:\/\/www.servitecindustrial.com\/#website","url":"https:\/\/www.servitecindustrial.com\/","name":"Servitec Industrial","description":"","publisher":{"@id":"https:\/\/www.servitecindustrial.com\/#organization"},"potentialAction":[{"@type":"SearchAction","target":{"@type":"EntryPoint","urlTemplate":"https:\/\/www.servitecindustrial.com\/?s={search_term_string}"},"query-input":{"@type":"PropertyValueSpecification","valueRequired":true,"valueName":"search_term_string"}}],"inLanguage":"ca"},{"@type":"Organization","@id":"https:\/\/www.servitecindustrial.com\/#organization","name":"Servitec Industrial","url":"https:\/\/www.servitecindustrial.com\/","logo":{"@type":"ImageObject","inLanguage":"ca","@id":"https:\/\/www.servitecindustrial.com\/#\/schema\/logo\/image\/","url":"https:\/\/www.servitecindustrial.com\/wp-content\/uploads\/2023\/03\/1.png","contentUrl":"https:\/\/www.servitecindustrial.com\/wp-content\/uploads\/2023\/03\/1.png","width":1080,"height":1080,"caption":"Servitec Industrial"},"image":{"@id":"https:\/\/www.servitecindustrial.com\/#\/schema\/logo\/image\/"},"sameAs":["https:\/\/www.linkedin.com\/company\/servitec-sa\/"]}]}},"_links":{"self":[{"href":"https:\/\/www.servitecindustrial.com\/ca\/wp-json\/wp\/v2\/product\/3496","targetHints":{"allow":["GET"]}}],"collection":[{"href":"https:\/\/www.servitecindustrial.com\/ca\/wp-json\/wp\/v2\/product"}],"about":[{"href":"https:\/\/www.servitecindustrial.com\/ca\/wp-json\/wp\/v2\/types\/product"}],"wp:featuredmedia":[{"embeddable":true,"href":"https:\/\/www.servitecindustrial.com\/ca\/wp-json\/wp\/v2\/media\/3497"}],"wp:attachment":[{"href":"https:\/\/www.servitecindustrial.com\/ca\/wp-json\/wp\/v2\/media?parent=3496"}],"wp:term":[{"taxonomy":"product_brand","embeddable":true,"href":"https:\/\/www.servitecindustrial.com\/ca\/wp-json\/wp\/v2\/product_brand?post=3496"},{"taxonomy":"product_cat","embeddable":true,"href":"https:\/\/www.servitecindustrial.com\/ca\/wp-json\/wp\/v2\/product_cat?post=3496"},{"taxonomy":"product_tag","embeddable":true,"href":"https:\/\/www.servitecindustrial.com\/ca\/wp-json\/wp\/v2\/product_tag?post=3496"}],"curies":[{"name":"wp","href":"https:\/\/api.w.org\/{rel}","templated":true}]}}